{"id":2056,"date":"2022-10-06T16:49:07","date_gmt":"2022-10-06T13:49:07","guid":{"rendered":"https:\/\/insize.com.tr\/?post_type=product&#038;p=2056"},"modified":"2026-04-20T16:48:21","modified_gmt":"2026-04-20T13:48:21","slug":"insize-2184-saatli-pasometre","status":"publish","type":"product","link":"https:\/\/insize.com.tr\/en\/product\/insize-2184-saatli-pasometre\/","title":{"rendered":"Insize 2184 Saatli Pasometre"},"content":{"rendered":"<p><img loading=\"lazy\" decoding=\"async\" class=\"alignnone wp-image-9974 size-full\" src=\"https:\/\/denizmtl.com\/wp-content\/uploads\/2019\/01\/SAATLI-PASOMETRE-2.png\" alt=\"\" width=\"683\" height=\"223\" title=\"\"><\/p>","protected":false},"excerpt":{"rendered":"<ul>\n<li>Silindir ve mil \u00e7aplar\u0131n\u0131n ge\u00e7er ve ge\u00e7mez mastarlar\u0131 i\u00e7in,<\/li>\n<li>Taban geri \u00e7ekme hareketi:3mm,<\/li>\n<li>\u00d6l\u00e7me kuvveti:6-9N,<\/li>\n<li>Karb\u00fcr \u00f6l\u00e7\u00fcm a\u011f\u0131zlar\u0131,<\/li>\n<li>Opsiyonel aksesuarlar:komparat\u00f6r saati:(hassasiyet:0,01mm),dijital komparat\u00f6r (hassasiyet:0,01mm\/0,0005&#8243;)<\/li>\n<li><a href=\"https:\/\/denizmtl.com\/wp-content\/uploads\/2022\/01\/2184-SAATLI-PASOMETRE.pdf\"><strong>Pdf i\u00e7in t\u0131klay\u0131n\u0131z.<\/strong><\/a><\/li>\n<li><a href=\"https:\/\/insize.com.tr\/wp-content\/uploads\/2026\/03\/2184-E-V0.pdf\"><strong>Kullan\u0131m K\u0131lavuzu<\/strong><\/a><\/li>\n<\/ul>","protected":false},"featured_media":2086,"comment_status":"open","ping_status":"closed","template":"","meta":{"inline_featured_image":false},"product_brand":[],"product_cat":[36,554],"product_tag":[],"class_list":{"0":"post-2056","1":"product","2":"type-product","3":"status-publish","4":"has-post-thumbnail","6":"product_cat-mikrometreler","7":"product_cat-pasometreler","9":"first","10":"instock","11":"shipping-taxable","12":"purchasable","13":"product-type-variable"},"_links":{"self":[{"href":"https:\/\/insize.com.tr\/en\/wp-json\/wp\/v2\/product\/2056","targetHints":{"allow":["GET"]}}],"collection":[{"href":"https:\/\/insize.com.tr\/en\/wp-json\/wp\/v2\/product"}],"about":[{"href":"https:\/\/insize.com.tr\/en\/wp-json\/wp\/v2\/types\/product"}],"replies":[{"embeddable":true,"href":"https:\/\/insize.com.tr\/en\/wp-json\/wp\/v2\/comments?post=2056"}],"wp:featuredmedia":[{"embeddable":true,"href":"https:\/\/insize.com.tr\/en\/wp-json\/wp\/v2\/media\/2086"}],"wp:attachment":[{"href":"https:\/\/insize.com.tr\/en\/wp-json\/wp\/v2\/media?parent=2056"}],"wp:term":[{"taxonomy":"product_brand","embeddable":true,"href":"https:\/\/insize.com.tr\/en\/wp-json\/wp\/v2\/product_brand?post=2056"},{"taxonomy":"product_cat","embeddable":true,"href":"https:\/\/insize.com.tr\/en\/wp-json\/wp\/v2\/product_cat?post=2056"},{"taxonomy":"product_tag","embeddable":true,"href":"https:\/\/insize.com.tr\/en\/wp-json\/wp\/v2\/product_tag?post=2056"}],"curies":[{"name":"wp","href":"https:\/\/api.w.org\/{rel}","templated":true}]}}