{"id":21018,"date":"2025-09-22T11:23:33","date_gmt":"2025-09-22T08:23:33","guid":{"rendered":"https:\/\/insize.com.tr\/urun\/insize-0238-ht192-kizilotesi-termal-goruntuleme-kamerasi-manuel-odakli-tip\/"},"modified":"2026-04-21T10:42:55","modified_gmt":"2026-04-21T07:42:55","slug":"insize-0238-ht192-kizilotesi-termal-goruntuleme-kamerasi-manuel-odakli-tip","status":"publish","type":"product","link":"https:\/\/insize.com.tr\/en\/product\/insize-0238-ht192-kizilotesi-termal-goruntuleme-kamerasi-manuel-odakli-tip\/","title":{"rendered":"INSIZE 0238-HT192 K\u0131z\u0131l\u00f6tesi Termal G\u00f6r\u00fcnt\u00fcleme Kameras\u0131 (Manuel Odakl\u0131 Tip)"},"content":{"rendered":"","protected":false},"excerpt":{"rendered":"","protected":false},"featured_media":21017,"comment_status":"open","ping_status":"closed","template":"","meta":{"inline_featured_image":false},"product_brand":[],"product_cat":[56,551],"product_tag":[],"class_list":{"0":"post-21018","1":"product","2":"type-product","3":"status-publish","4":"has-post-thumbnail","6":"product_cat-sicaklik-ve-nem-olcer","7":"product_cat-test-cihazlari","9":"first","10":"instock","11":"shipping-taxable","12":"purchasable","13":"product-type-simple"},"_links":{"self":[{"href":"https:\/\/insize.com.tr\/en\/wp-json\/wp\/v2\/product\/21018","targetHints":{"allow":["GET"]}}],"collection":[{"href":"https:\/\/insize.com.tr\/en\/wp-json\/wp\/v2\/product"}],"about":[{"href":"https:\/\/insize.com.tr\/en\/wp-json\/wp\/v2\/types\/product"}],"replies":[{"embeddable":true,"href":"https:\/\/insize.com.tr\/en\/wp-json\/wp\/v2\/comments?post=21018"}],"wp:featuredmedia":[{"embeddable":true,"href":"https:\/\/insize.com.tr\/en\/wp-json\/wp\/v2\/media\/21017"}],"wp:attachment":[{"href":"https:\/\/insize.com.tr\/en\/wp-json\/wp\/v2\/media?parent=21018"}],"wp:term":[{"taxonomy":"product_brand","embeddable":true,"href":"https:\/\/insize.com.tr\/en\/wp-json\/wp\/v2\/product_brand?post=21018"},{"taxonomy":"product_cat","embeddable":true,"href":"https:\/\/insize.com.tr\/en\/wp-json\/wp\/v2\/product_cat?post=21018"},{"taxonomy":"product_tag","embeddable":true,"href":"https:\/\/insize.com.tr\/en\/wp-json\/wp\/v2\/product_tag?post=21018"}],"curies":[{"name":"wp","href":"https:\/\/api.w.org\/{rel}","templated":true}]}}