{"id":21038,"date":"2025-09-22T11:23:44","date_gmt":"2025-09-22T08:23:44","guid":{"rendered":"https:\/\/insize.com.tr\/urun\/insize-0329-yuksek-hassasiyetli-platin-direnc-termometreleri-hafizali-model\/"},"modified":"2026-04-21T08:29:16","modified_gmt":"2026-04-21T05:29:16","slug":"insize-0329-yuksek-hassasiyetli-platin-direnc-termometreleri-hafizali-model","status":"publish","type":"product","link":"https:\/\/insize.com.tr\/en\/product\/insize-0329-yuksek-hassasiyetli-platin-direnc-termometreleri-hafizali-model\/","title":{"rendered":"INSIZE 0329 Y\u00fcksek Hassasiyetli Platin Diren\u00e7 Termometreleri (Haf\u0131zal\u0131 Model )"},"content":{"rendered":"","protected":false},"excerpt":{"rendered":"","protected":false},"featured_media":21037,"comment_status":"open","ping_status":"closed","template":"","meta":{"inline_featured_image":false},"product_brand":[],"product_cat":[56,551],"product_tag":[],"class_list":{"0":"post-21038","1":"product","2":"type-product","3":"status-publish","4":"has-post-thumbnail","6":"product_cat-sicaklik-ve-nem-olcer","7":"product_cat-test-cihazlari","9":"first","10":"instock","11":"shipping-taxable","12":"purchasable","13":"product-type-simple"},"_links":{"self":[{"href":"https:\/\/insize.com.tr\/en\/wp-json\/wp\/v2\/product\/21038","targetHints":{"allow":["GET"]}}],"collection":[{"href":"https:\/\/insize.com.tr\/en\/wp-json\/wp\/v2\/product"}],"about":[{"href":"https:\/\/insize.com.tr\/en\/wp-json\/wp\/v2\/types\/product"}],"replies":[{"embeddable":true,"href":"https:\/\/insize.com.tr\/en\/wp-json\/wp\/v2\/comments?post=21038"}],"wp:featuredmedia":[{"embeddable":true,"href":"https:\/\/insize.com.tr\/en\/wp-json\/wp\/v2\/media\/21037"}],"wp:attachment":[{"href":"https:\/\/insize.com.tr\/en\/wp-json\/wp\/v2\/media?parent=21038"}],"wp:term":[{"taxonomy":"product_brand","embeddable":true,"href":"https:\/\/insize.com.tr\/en\/wp-json\/wp\/v2\/product_brand?post=21038"},{"taxonomy":"product_cat","embeddable":true,"href":"https:\/\/insize.com.tr\/en\/wp-json\/wp\/v2\/product_cat?post=21038"},{"taxonomy":"product_tag","embeddable":true,"href":"https:\/\/insize.com.tr\/en\/wp-json\/wp\/v2\/product_tag?post=21038"}],"curies":[{"name":"wp","href":"https:\/\/api.w.org\/{rel}","templated":true}]}}