{"id":2254,"date":"2022-10-06T16:49:23","date_gmt":"2022-10-06T13:49:23","guid":{"rendered":"https:\/\/insize.com.tr\/?post_type=product&#038;p=2254"},"modified":"2026-04-20T16:48:27","modified_gmt":"2026-04-20T13:48:27","slug":"insize-3205-uzatilabilir-uclu-dis-cap-mikrometreleri","status":"publish","type":"product","link":"https:\/\/insize.com.tr\/en\/product\/insize-3205-uzatilabilir-uclu-dis-cap-mikrometreleri\/","title":{"rendered":"Insize 3205 Uzat\u0131labilir U\u00e7lu D\u0131\u015f \u00c7ap Mikrometreleri"},"content":{"rendered":"<p><img loading=\"lazy\" decoding=\"async\" class=\"alignnone wp-image-9902 size-full\" src=\"https:\/\/denizmtl.com\/wp-content\/uploads\/2019\/02\/UZATILABILIR-UCLU-DIS-CAP-MIKROMETRE.png\" alt=\"\" width=\"677\" height=\"524\" title=\"\"><\/p>","protected":false},"excerpt":{"rendered":"<ul>\n<li>\u00c7\u00f6z\u00fcn\u00fcrl\u00fck :0,01 mm<\/li>\n<li>Frakl\u0131 \u00f6l\u00e7\u00fcm aral\u0131klar\u0131 i\u00e7in uzatma halkas\u0131 ayarlanabilir.<\/li>\n<li>C\u0131rc\u0131rl\u0131.<\/li>\n<li>Karb\u00fcr \u00f6l\u00e7\u00fcm u\u00e7lar\u0131,<\/li>\n<li>S\u0131f\u0131rlama mastar\u0131 ile tedarik edilir.<\/li>\n<li><a href=\"https:\/\/insize.com.tr\/wp-content\/uploads\/2026\/04\/3205.pdf\"><strong>Pdf i\u00e7in t\u0131klay\u0131n\u0131z.<\/strong><\/a><\/li>\n<li><a href=\"https:\/\/insize.com.tr\/wp-content\/uploads\/2026\/03\/3205-E-V0.pdf\"><strong>Kullan\u0131m K\u0131lavuzu<\/strong><\/a><\/li>\n<\/ul>","protected":false},"featured_media":2284,"comment_status":"open","ping_status":"closed","template":"","meta":{"inline_featured_image":false},"product_brand":[],"product_cat":[36],"product_tag":[],"class_list":{"0":"post-2254","1":"product","2":"type-product","3":"status-publish","4":"has-post-thumbnail","6":"product_cat-mikrometreler","8":"first","9":"instock","10":"shipping-taxable","11":"purchasable","12":"product-type-variable"},"_links":{"self":[{"href":"https:\/\/insize.com.tr\/en\/wp-json\/wp\/v2\/product\/2254","targetHints":{"allow":["GET"]}}],"collection":[{"href":"https:\/\/insize.com.tr\/en\/wp-json\/wp\/v2\/product"}],"about":[{"href":"https:\/\/insize.com.tr\/en\/wp-json\/wp\/v2\/types\/product"}],"replies":[{"embeddable":true,"href":"https:\/\/insize.com.tr\/en\/wp-json\/wp\/v2\/comments?post=2254"}],"wp:featuredmedia":[{"embeddable":true,"href":"https:\/\/insize.com.tr\/en\/wp-json\/wp\/v2\/media\/2284"}],"wp:attachment":[{"href":"https:\/\/insize.com.tr\/en\/wp-json\/wp\/v2\/media?parent=2254"}],"wp:term":[{"taxonomy":"product_brand","embeddable":true,"href":"https:\/\/insize.com.tr\/en\/wp-json\/wp\/v2\/product_brand?post=2254"},{"taxonomy":"product_cat","embeddable":true,"href":"https:\/\/insize.com.tr\/en\/wp-json\/wp\/v2\/product_cat?post=2254"},{"taxonomy":"product_tag","embeddable":true,"href":"https:\/\/insize.com.tr\/en\/wp-json\/wp\/v2\/product_tag?post=2254"}],"curies":[{"name":"wp","href":"https:\/\/api.w.org\/{rel}","templated":true}]}}