{"id":2255,"date":"2022-10-06T16:49:23","date_gmt":"2022-10-06T13:49:23","guid":{"rendered":"https:\/\/insize.com.tr\/?post_type=product&#038;p=2255"},"modified":"2026-04-20T16:48:27","modified_gmt":"2026-04-20T13:48:27","slug":"insize-3208-hizli-besleme-mikrometreleri","status":"publish","type":"product","link":"https:\/\/insize.com.tr\/en\/product\/insize-3208-hizli-besleme-mikrometreleri\/","title":{"rendered":"Insize 3208 H\u0131zl\u0131 Beslemeli Mekanik Mikrometreler"},"content":{"rendered":"<p><img loading=\"lazy\" decoding=\"async\" class=\"alignnone wp-image-9898 size-full\" src=\"https:\/\/denizmtl.com\/wp-content\/uploads\/2019\/02\/HIZLI-BESLEME-MIKORMETRE.png\" alt=\"\" width=\"681\" height=\"222\" title=\"\"><\/p>","protected":false},"excerpt":{"rendered":"<ul>\n<li>\u00c7\u00f6z\u00fcn\u00fcrl\u00fck:0,01mm<\/li>\n<li>Her tur 1 mm besleme,<\/li>\n<li>H\u0131zl\u0131 tambur<\/li>\n<li>Karb\u00fcr \u00f6l\u00e7\u00fcm a\u011f\u0131zlar\u0131,<\/li>\n<li>DIN-863-1 standard\u0131na uygundur,<\/li>\n<li>S\u0131f\u0131rlama mastar\u0131 ile tedarik edilir.<\/li>\n<li><a href=\"https:\/\/insize.com.tr\/wp-content\/uploads\/2026\/04\/3208.pdf\"><strong>Pdf i\u00e7in t\u0131klay\u0131n\u0131z.<\/strong><\/a><\/li>\n<\/ul>","protected":false},"featured_media":2285,"comment_status":"open","ping_status":"closed","template":"","meta":{"inline_featured_image":false},"product_brand":[],"product_cat":[36],"product_tag":[],"class_list":{"0":"post-2255","1":"product","2":"type-product","3":"status-publish","4":"has-post-thumbnail","6":"product_cat-mikrometreler","8":"first","9":"instock","10":"shipping-taxable","11":"purchasable","12":"product-type-variable"},"_links":{"self":[{"href":"https:\/\/insize.com.tr\/en\/wp-json\/wp\/v2\/product\/2255","targetHints":{"allow":["GET"]}}],"collection":[{"href":"https:\/\/insize.com.tr\/en\/wp-json\/wp\/v2\/product"}],"about":[{"href":"https:\/\/insize.com.tr\/en\/wp-json\/wp\/v2\/types\/product"}],"replies":[{"embeddable":true,"href":"https:\/\/insize.com.tr\/en\/wp-json\/wp\/v2\/comments?post=2255"}],"wp:featuredmedia":[{"embeddable":true,"href":"https:\/\/insize.com.tr\/en\/wp-json\/wp\/v2\/media\/2285"}],"wp:attachment":[{"href":"https:\/\/insize.com.tr\/en\/wp-json\/wp\/v2\/media?parent=2255"}],"wp:term":[{"taxonomy":"product_brand","embeddable":true,"href":"https:\/\/insize.com.tr\/en\/wp-json\/wp\/v2\/product_brand?post=2255"},{"taxonomy":"product_cat","embeddable":true,"href":"https:\/\/insize.com.tr\/en\/wp-json\/wp\/v2\/product_cat?post=2255"},{"taxonomy":"product_tag","embeddable":true,"href":"https:\/\/insize.com.tr\/en\/wp-json\/wp\/v2\/product_tag?post=2255"}],"curies":[{"name":"wp","href":"https:\/\/api.w.org\/{rel}","templated":true}]}}