{"id":2262,"date":"2022-10-06T16:49:23","date_gmt":"2022-10-06T13:49:23","guid":{"rendered":"https:\/\/insize.com.tr\/?post_type=product&#038;p=2262"},"modified":"2026-04-20T16:48:28","modified_gmt":"2026-04-20T13:48:28","slug":"insize-3228-uc-ayakli-mikrometre-genis-olcum-aralikli","status":"publish","type":"product","link":"https:\/\/insize.com.tr\/en\/product\/insize-3228-uc-ayakli-mikrometre-genis-olcum-aralikli\/","title":{"rendered":"Insize 3228 \u00dc\u00e7 Ayakl\u0131 Mikrometre (Geni\u015f \u00d6l\u00e7\u00fcm Aral\u0131kl\u0131)"},"content":{"rendered":"<p><img loading=\"lazy\" decoding=\"async\" class=\"alignnone wp-image-9872 size-full\" src=\"https:\/\/denizmtl.com\/wp-content\/uploads\/2019\/02\/UC-AYAKLI-MIKROMETRE.png\" alt=\"\" width=\"705\" height=\"274\" title=\"\"><\/p>","protected":false},"excerpt":{"rendered":"<ul>\n<li>DIN863-4 standard\u0131na uygundur.<\/li>\n<li>Hassasiyet:0,001mm,<\/li>\n<li>Karb\u00fcr \u00f6l\u00e7\u00fcm a\u011f\u0131zlar\u0131.<\/li>\n<li>C\u0131rc\u0131rl\u0131<\/li>\n<li>S\u0131f\u0131rlama mastar\u0131 dahildir.<\/li>\n<li><a href=\"https:\/\/denizmtl.com\/wp-content\/uploads\/2021\/12\/3228-UC-AYAKLI-MIKROMETRE-GENIS-OLCUM-ARALIKLI-.pdf\"><strong>Pdf i\u00e7in t\u0131klay\u0131n\u0131z.<\/strong><\/a><\/li>\n<li><a href=\"https:\/\/insize.com.tr\/wp-content\/uploads\/2026\/03\/3228-E-V1.pdf\"><strong>Kullan\u0131m K\u0131lavuzu<\/strong><\/a><\/li>\n<\/ul>","protected":false},"featured_media":2291,"comment_status":"open","ping_status":"closed","template":"","meta":{"inline_featured_image":false},"product_brand":[],"product_cat":[26,36],"product_tag":[],"class_list":{"0":"post-2262","1":"product","2":"type-product","3":"status-publish","4":"has-post-thumbnail","6":"product_cat-delik-olcum","7":"product_cat-mikrometreler","9":"first","10":"instock","11":"shipping-taxable","12":"purchasable","13":"product-type-variable"},"_links":{"self":[{"href":"https:\/\/insize.com.tr\/en\/wp-json\/wp\/v2\/product\/2262","targetHints":{"allow":["GET"]}}],"collection":[{"href":"https:\/\/insize.com.tr\/en\/wp-json\/wp\/v2\/product"}],"about":[{"href":"https:\/\/insize.com.tr\/en\/wp-json\/wp\/v2\/types\/product"}],"replies":[{"embeddable":true,"href":"https:\/\/insize.com.tr\/en\/wp-json\/wp\/v2\/comments?post=2262"}],"wp:featuredmedia":[{"embeddable":true,"href":"https:\/\/insize.com.tr\/en\/wp-json\/wp\/v2\/media\/2291"}],"wp:attachment":[{"href":"https:\/\/insize.com.tr\/en\/wp-json\/wp\/v2\/media?parent=2262"}],"wp:term":[{"taxonomy":"product_brand","embeddable":true,"href":"https:\/\/insize.com.tr\/en\/wp-json\/wp\/v2\/product_brand?post=2262"},{"taxonomy":"product_cat","embeddable":true,"href":"https:\/\/insize.com.tr\/en\/wp-json\/wp\/v2\/product_cat?post=2262"},{"taxonomy":"product_tag","embeddable":true,"href":"https:\/\/insize.com.tr\/en\/wp-json\/wp\/v2\/product_tag?post=2262"}],"curies":[{"name":"wp","href":"https:\/\/api.w.org\/{rel}","templated":true}]}}