{"id":2317,"date":"2022-10-06T16:49:30","date_gmt":"2022-10-06T13:49:30","guid":{"rendered":"https:\/\/insize.com.tr\/?post_type=product&#038;p=2317"},"modified":"2026-04-21T16:22:23","modified_gmt":"2026-04-21T13:22:23","slug":"insize-ise-2dt-dijital-terazi","status":"publish","type":"product","link":"https:\/\/insize.com.tr\/en\/product\/insize-ise-2dt-dijital-terazi\/","title":{"rendered":"Insize ISE-2DT Dijital Terazi"},"content":{"rendered":"<p><img loading=\"lazy\" decoding=\"async\" class=\"alignnone size-medium wp-image-9772\" src=\"https:\/\/denizmtl.com\/wp-content\/uploads\/2019\/02\/DIJITAL-TERAZI-300x155.png\" alt=\"\" width=\"300\" height=\"155\" title=\"\"><\/p>","protected":false},"excerpt":{"rendered":"<ul>\n<li>Renkli LCD;dokunmatik ekran<\/li>\n<li>X-Y eksenlerinde \u00f6l\u00e7\u00fcm<\/li>\n<li>Tolerans ve g\u00f6sterge ayarlamas\u0131 farkl\u0131 renklerde g\u00f6sterilir.<\/li>\n<li><a href=\"https:\/\/denizmtl.com\/wp-content\/uploads\/2021\/12\/ISE-2DT-DIJITAL-TERAZI.pdf\"><strong>Pdf i\u00e7in t\u0131klay\u0131n\u0131z.<\/strong><\/a><\/li>\n<\/ul>","protected":false},"featured_media":2347,"comment_status":"open","ping_status":"closed","template":"","meta":{"inline_featured_image":false},"product_brand":[],"product_cat":[20],"product_tag":[],"class_list":{"0":"post-2317","1":"product","2":"type-product","3":"status-publish","4":"has-post-thumbnail","6":"product_cat-teraziler","8":"first","9":"instock","10":"shipping-taxable","11":"purchasable","12":"product-type-variable"},"_links":{"self":[{"href":"https:\/\/insize.com.tr\/en\/wp-json\/wp\/v2\/product\/2317","targetHints":{"allow":["GET"]}}],"collection":[{"href":"https:\/\/insize.com.tr\/en\/wp-json\/wp\/v2\/product"}],"about":[{"href":"https:\/\/insize.com.tr\/en\/wp-json\/wp\/v2\/types\/product"}],"replies":[{"embeddable":true,"href":"https:\/\/insize.com.tr\/en\/wp-json\/wp\/v2\/comments?post=2317"}],"wp:featuredmedia":[{"embeddable":true,"href":"https:\/\/insize.com.tr\/en\/wp-json\/wp\/v2\/media\/2347"}],"wp:attachment":[{"href":"https:\/\/insize.com.tr\/en\/wp-json\/wp\/v2\/media?parent=2317"}],"wp:term":[{"taxonomy":"product_brand","embeddable":true,"href":"https:\/\/insize.com.tr\/en\/wp-json\/wp\/v2\/product_brand?post=2317"},{"taxonomy":"product_cat","embeddable":true,"href":"https:\/\/insize.com.tr\/en\/wp-json\/wp\/v2\/product_cat?post=2317"},{"taxonomy":"product_tag","embeddable":true,"href":"https:\/\/insize.com.tr\/en\/wp-json\/wp\/v2\/product_tag?post=2317"}],"curies":[{"name":"wp","href":"https:\/\/api.w.org\/{rel}","templated":true}]}}