{"id":239,"date":"2022-10-06T16:46:20","date_gmt":"2022-10-06T13:46:20","guid":{"rendered":"https:\/\/insize.com.tr\/?post_type=product&#038;p=239"},"modified":"2026-03-04T14:32:07","modified_gmt":"2026-03-04T11:32:07","slug":"insize-5302-af105-dijital-oto-fokus-mikroskop","status":"publish","type":"product","link":"https:\/\/insize.com.tr\/en\/product\/insize-5302-af105-dijital-oto-fokus-mikroskop\/","title":{"rendered":"Insize 5302-AF105 Dijital Oto Fokus Mikroskop"},"content":{"rendered":"<p><iframe loading=\"lazy\" title=\"YouTube video player\" src=\"https:\/\/www.youtube.com\/embed\/cxEYEELHQdM\" width=\"560\" height=\"315\" frameborder=\"0\" allowfullscreen=\"allowfullscreen\"><span data-mce-type=\"bookmark\" style=\"display: inline-block; width: 0px; overflow: hidden; line-height: 0;\" class=\"mce_SELRES_start\">\ufeff<\/span><\/iframe><\/p>\n<p style=\"text-align: left;\"><strong>5302-AF105 D\u0130J\u0130TAL OTO FOKUS M\u0130KROSKOBU<\/strong><br \/>\nOtomatik fokus \u00f6zelli\u011fi sayesinde par\u00e7a boyutlar\u0131 farkl\u0131 olmas\u0131na ra\u011fmen ayar yapmadan otomatik netli\u011fi yans\u0131tmaktad\u0131r ve zaman tasarrufu sa\u011flamaktad\u0131r. Her alanda kullan\u0131m\u0131 uygundur. 360 derece d\u00f6nd\u00fcr\u00fclebilen ba\u015fl\u0131k sayesinde farkl\u0131 a\u00e7\u0131lardan g\u00f6r\u00fcnt\u00fc al\u0131nabilir.<\/p>\n<p>&nbsp;<\/p>\n<p>&nbsp;<\/p>\n<p>[block id=&#8221;5302-af105&#8243;]<\/p>\n","protected":false},"excerpt":{"rendered":"<ul>\n<li>1080P y\u00fcksek \u00e7\u00f6z\u00fcn\u00fcrl\u00fck g\u00f6r\u00fcnt\u00fc<\/li>\n<li>Oto fokus kamera<\/li>\n<li>Resim ve video \u00e7ekip haf\u0131za kart\u0131na kaydedilir<\/li>\n<li>HDMI \u00e7\u0131k\u0131\u015f\u0131 TV&#8217;ye ba\u011flan\u0131r.<\/li>\n<li>Otomatik beyaz dengesi ve \u0131\u015f\u0131klama<\/li>\n<li>Parlakl\u0131k; kontrast oran\u0131; ilerleme ayarlanabilir<\/li>\n<li>Art\u0131 g\u00f6sterge (mavi\/ye\u015fil\/k\u0131rm\u0131z\u0131\/sar\u0131\/siyah\/kahverengi renkler)<\/li>\n<li>8G haf\u0131za kart\u0131 ve tutucu (dahil)<\/li>\n<li><strong><a href=\"https:\/\/insize.com.tr\/wp-content\/uploads\/2026\/02\/5302-AF105.pdf\">PDF i\u00e7in t\u0131klay\u0131n\u0131z.<\/a><\/strong><\/li>\n<li><a href=\"https:\/\/insize.com.tr\/wp-content\/uploads\/2026\/03\/5302-Series-E-V3.pdf\"><strong>Kullan\u0131m K\u0131lavuzu<\/strong><\/a><\/li>\n<\/ul>\n<p>[block id=&#8221;5302-af105&#8243;]<\/p>\n","protected":false},"featured_media":269,"comment_status":"open","ping_status":"closed","template":"","meta":{"inline_featured_image":false},"product_brand":[],"product_cat":[39],"product_tag":[],"class_list":{"0":"post-239","1":"product","2":"type-product","3":"status-publish","4":"has-post-thumbnail","6":"product_cat-mikroskop-ve-buyutec","8":"first","9":"instock","10":"shipping-taxable","11":"purchasable","12":"product-type-simple"},"_links":{"self":[{"href":"https:\/\/insize.com.tr\/en\/wp-json\/wp\/v2\/product\/239","targetHints":{"allow":["GET"]}}],"collection":[{"href":"https:\/\/insize.com.tr\/en\/wp-json\/wp\/v2\/product"}],"about":[{"href":"https:\/\/insize.com.tr\/en\/wp-json\/wp\/v2\/types\/product"}],"replies":[{"embeddable":true,"href":"https:\/\/insize.com.tr\/en\/wp-json\/wp\/v2\/comments?post=239"}],"wp:featuredmedia":[{"embeddable":true,"href":"https:\/\/insize.com.tr\/en\/wp-json\/wp\/v2\/media\/269"}],"wp:attachment":[{"href":"https:\/\/insize.com.tr\/en\/wp-json\/wp\/v2\/media?parent=239"}],"wp:term":[{"taxonomy":"product_brand","embeddable":true,"href":"https:\/\/insize.com.tr\/en\/wp-json\/wp\/v2\/product_brand?post=239"},{"taxonomy":"product_cat","embeddable":true,"href":"https:\/\/insize.com.tr\/en\/wp-json\/wp\/v2\/product_cat?post=239"},{"taxonomy":"product_tag","embeddable":true,"href":"https:\/\/insize.com.tr\/en\/wp-json\/wp\/v2\/product_tag?post=239"}],"curies":[{"name":"wp","href":"https:\/\/api.w.org\/{rel}","templated":true}]}}