{"id":240,"date":"2022-10-06T16:46:20","date_gmt":"2022-10-06T13:46:20","guid":{"rendered":"https:\/\/insize.com.tr\/?post_type=product&#038;p=240"},"modified":"2026-03-04T14:32:12","modified_gmt":"2026-03-04T11:32:12","slug":"insize-5303-af103-dijital-oto-fokus-mikroskop-ekranli","status":"publish","type":"product","link":"https:\/\/insize.com.tr\/en\/product\/insize-5303-af103-dijital-oto-fokus-mikroskop-ekranli\/","title":{"rendered":"Insize 5303-AF103 Dijital Oto Fokus Mikroskop (Ekranl\u0131)"},"content":{"rendered":"<p style=\"text-align: left\"><strong>5303-AF103 D\u0130J\u0130TAL EKRANLI OTO FOKUS M\u0130KROSKOBU<\/strong><br \/>\nLCD ekran\u0131 sayesinde farkl\u0131 bir cihaza ba\u011flant\u0131 kurmadan \u00e7al\u0131\u015fma \u00f6zelli\u011fine sahiptir. Otomatik fokus \u00f6zelli\u011fi sayesinde par\u00e7a boyutlar\u0131 farkl\u0131 olmas\u0131na ra\u011fmen ayar yapmadan otomatik netli\u011fi yans\u0131tmaktad\u0131r ve zaman tasarrufu sa\u011flamaktad\u0131r. Her alanda kullan\u0131m\u0131 uygundur.<\/p>\n<p>&nbsp;<\/p>","protected":false},"excerpt":{"rendered":"<ul>\n<li>1080P y\u00fcksek \u00e7\u00f6z\u00fcn\u00fcrl\u00fck g\u00f6r\u00fcnt\u00fc<\/li>\n<li>Otomatik odak kameras\u0131<\/li>\n<li>Resim ve video \u00e7ekip haf\u0131za kart\u0131na kaydedilir.<\/li>\n<li>Otomatik pozlama ve beyaz dengesi<\/li>\n<li>Parlakl\u0131k; kontrast oran\u0131; ilerleme ayarlanabilir<\/li>\n<li>Art\u0131 g\u00f6sterge (mavi\/ye\u015fil\/k\u0131rm\u0131z\u0131\/sar\u0131\/siyah\/kahverengi renkler)<\/li>\n<li><a href=\"https:\/\/insize.com.tr\/wp-content\/uploads\/2026\/02\/5303-AF103.pdf\"><strong>PDF i\u00e7in t\u0131klay\u0131n\u0131z.<\/strong><\/a><\/li>\n<\/ul>","protected":false},"featured_media":270,"comment_status":"open","ping_status":"closed","template":"","meta":{"inline_featured_image":false},"product_brand":[],"product_cat":[39],"product_tag":[],"class_list":{"0":"post-240","1":"product","2":"type-product","3":"status-publish","4":"has-post-thumbnail","6":"product_cat-mikroskop-ve-buyutec","8":"first","9":"instock","10":"shipping-taxable","11":"purchasable","12":"product-type-simple"},"_links":{"self":[{"href":"https:\/\/insize.com.tr\/en\/wp-json\/wp\/v2\/product\/240","targetHints":{"allow":["GET"]}}],"collection":[{"href":"https:\/\/insize.com.tr\/en\/wp-json\/wp\/v2\/product"}],"about":[{"href":"https:\/\/insize.com.tr\/en\/wp-json\/wp\/v2\/types\/product"}],"replies":[{"embeddable":true,"href":"https:\/\/insize.com.tr\/en\/wp-json\/wp\/v2\/comments?post=240"}],"wp:featuredmedia":[{"embeddable":true,"href":"https:\/\/insize.com.tr\/en\/wp-json\/wp\/v2\/media\/270"}],"wp:attachment":[{"href":"https:\/\/insize.com.tr\/en\/wp-json\/wp\/v2\/media?parent=240"}],"wp:term":[{"taxonomy":"product_brand","embeddable":true,"href":"https:\/\/insize.com.tr\/en\/wp-json\/wp\/v2\/product_brand?post=240"},{"taxonomy":"product_cat","embeddable":true,"href":"https:\/\/insize.com.tr\/en\/wp-json\/wp\/v2\/product_cat?post=240"},{"taxonomy":"product_tag","embeddable":true,"href":"https:\/\/insize.com.tr\/en\/wp-json\/wp\/v2\/product_tag?post=240"}],"curies":[{"name":"wp","href":"https:\/\/api.w.org\/{rel}","templated":true}]}}