{"id":2609,"date":"2022-10-06T16:49:56","date_gmt":"2022-10-06T13:49:56","guid":{"rendered":"https:\/\/insize.com.tr\/?post_type=product&#038;p=2609"},"modified":"2026-04-21T10:41:38","modified_gmt":"2026-04-21T07:41:38","slug":"insize-isf-1df-dijital-dinamometre","status":"publish","type":"product","link":"https:\/\/insize.com.tr\/en\/product\/insize-isf-1df-dijital-dinamometre\/","title":{"rendered":"Insize ISF-1DF Dijital Dinamometre"},"content":{"rendered":"<p><img loading=\"lazy\" decoding=\"async\" class=\"alignnone wp-image-9762 size-full\" src=\"https:\/\/denizmtl.com\/wp-content\/uploads\/2019\/02\/DIJITAL-DINAMOMETRE2.png\" alt=\"\" width=\"698\" height=\"352\" title=\"\"><\/p>","protected":false},"excerpt":{"rendered":"<ul>\n<li>\u0130tme \u00e7ekme testi<\/li>\n<li>Birimler:N,gf,kgf,ozf,\u0131bf,<\/li>\n<li>500 haf\u0131za<\/li>\n<li>Otomatik kapanma<\/li>\n<li>Metal kasa<\/li>\n<li>Arka \u0131\u015f\u0131kl\u0131 LCD ekran<\/li>\n<li>Cihaz ters d\u00f6nd\u00fc\u011f\u00fcnde ekran g\u00f6r\u00fcnt\u00fcs\u00fc de d\u00f6ner.<\/li>\n<li>Fazla y\u00fckleme alarm\u0131<\/li>\n<li><a href=\"https:\/\/insize.com.tr\/wp-content\/uploads\/2026\/02\/ISF-1DF.pdf\"><strong>Pdf i\u00e7in t\u0131klay\u0131n\u0131z.<\/strong><\/a><\/li>\n<li><a href=\"https:\/\/insize.com.tr\/wp-content\/uploads\/2026\/03\/ISF-DF-SERIES-E-V1.pdf\"><strong>Kullan\u0131m K\u0131lavuzu<\/strong><\/a><\/li>\n<\/ul>","protected":false},"featured_media":2620,"comment_status":"open","ping_status":"closed","template":"","meta":{"inline_featured_image":false},"product_brand":[],"product_cat":[41],"product_tag":[],"class_list":{"0":"post-2609","1":"product","2":"type-product","3":"status-publish","4":"has-post-thumbnail","6":"product_cat-mukavemet-ve-evrensel-test-cihazlari","8":"first","9":"instock","10":"shipping-taxable","11":"purchasable","12":"product-type-variable"},"_links":{"self":[{"href":"https:\/\/insize.com.tr\/en\/wp-json\/wp\/v2\/product\/2609","targetHints":{"allow":["GET"]}}],"collection":[{"href":"https:\/\/insize.com.tr\/en\/wp-json\/wp\/v2\/product"}],"about":[{"href":"https:\/\/insize.com.tr\/en\/wp-json\/wp\/v2\/types\/product"}],"replies":[{"embeddable":true,"href":"https:\/\/insize.com.tr\/en\/wp-json\/wp\/v2\/comments?post=2609"}],"wp:featuredmedia":[{"embeddable":true,"href":"https:\/\/insize.com.tr\/en\/wp-json\/wp\/v2\/media\/2620"}],"wp:attachment":[{"href":"https:\/\/insize.com.tr\/en\/wp-json\/wp\/v2\/media?parent=2609"}],"wp:term":[{"taxonomy":"product_brand","embeddable":true,"href":"https:\/\/insize.com.tr\/en\/wp-json\/wp\/v2\/product_brand?post=2609"},{"taxonomy":"product_cat","embeddable":true,"href":"https:\/\/insize.com.tr\/en\/wp-json\/wp\/v2\/product_cat?post=2609"},{"taxonomy":"product_tag","embeddable":true,"href":"https:\/\/insize.com.tr\/en\/wp-json\/wp\/v2\/product_tag?post=2609"}],"curies":[{"name":"wp","href":"https:\/\/api.w.org\/{rel}","templated":true}]}}