{"id":2614,"date":"2022-10-06T16:49:56","date_gmt":"2022-10-06T13:49:56","guid":{"rendered":"https:\/\/insize.com.tr\/?post_type=product&#038;p=2614"},"modified":"2026-04-21T10:41:38","modified_gmt":"2026-04-21T07:41:38","slug":"insize-ish-ds-dijital-sormetre","status":"publish","type":"product","link":"https:\/\/insize.com.tr\/en\/product\/insize-ish-ds-dijital-sormetre\/","title":{"rendered":"Insize ISH-DS Dijital \u015eormetre"},"content":{"rendered":"<p><img loading=\"lazy\" decoding=\"async\" class=\"alignnone wp-image-9739 size-full\" src=\"https:\/\/denizmtl.com\/wp-content\/uploads\/2019\/02\/ISH-DSA-DIJITAL-SORMETRE.png\" alt=\"\" width=\"687\" height=\"430\" title=\"\"><\/p>","protected":false},"excerpt":{"rendered":"<ul>\n<li>ISO868 ,ISO7619,ASTM D2240 standard\u0131na uygundur.<\/li>\n<li>Ortalama ve tepe noktas\u0131 modu,<\/li>\n<li>Ayarlanabilir bekleme zaman\u0131<\/li>\n<li>Muhakeme yap\u0131labilir \u00fcst ve alt limitler<\/li>\n<li>Yaz\u0131c\u0131ya kablosuz ba\u011flant\u0131,<\/li>\n<li>Elle veya test stand\u0131 ile kullan\u0131m,<\/li>\n<li>Otomatik kapanma,<\/li>\n<li><a href=\"https:\/\/insize.com.tr\/wp-content\/uploads\/2026\/02\/ISH-DS.pdf\"><strong>Pdf i\u00e7in t\u0131klay\u0131n\u0131z.<\/strong><\/a><\/li>\n<li><a href=\"https:\/\/insize.com.tr\/wp-content\/uploads\/2026\/03\/ISH-PHB-E-V2.pdf\"><strong>Kullan\u0131m K\u0131lavuzu<\/strong><\/a><\/li>\n<\/ul>","protected":false},"featured_media":2626,"comment_status":"open","ping_status":"closed","template":"","meta":{"inline_featured_image":false},"product_brand":[],"product_cat":[34,32],"product_tag":[],"class_list":{"0":"post-2614","1":"product","2":"type-product","3":"status-publish","4":"has-post-thumbnail","6":"product_cat-tasinabilir-cihazlar","7":"product_cat-sertlik-olcum-cihazlari","9":"first","10":"instock","11":"shipping-taxable","12":"purchasable","13":"product-type-variable"},"_links":{"self":[{"href":"https:\/\/insize.com.tr\/en\/wp-json\/wp\/v2\/product\/2614","targetHints":{"allow":["GET"]}}],"collection":[{"href":"https:\/\/insize.com.tr\/en\/wp-json\/wp\/v2\/product"}],"about":[{"href":"https:\/\/insize.com.tr\/en\/wp-json\/wp\/v2\/types\/product"}],"replies":[{"embeddable":true,"href":"https:\/\/insize.com.tr\/en\/wp-json\/wp\/v2\/comments?post=2614"}],"wp:featuredmedia":[{"embeddable":true,"href":"https:\/\/insize.com.tr\/en\/wp-json\/wp\/v2\/media\/2626"}],"wp:attachment":[{"href":"https:\/\/insize.com.tr\/en\/wp-json\/wp\/v2\/media?parent=2614"}],"wp:term":[{"taxonomy":"product_brand","embeddable":true,"href":"https:\/\/insize.com.tr\/en\/wp-json\/wp\/v2\/product_brand?post=2614"},{"taxonomy":"product_cat","embeddable":true,"href":"https:\/\/insize.com.tr\/en\/wp-json\/wp\/v2\/product_cat?post=2614"},{"taxonomy":"product_tag","embeddable":true,"href":"https:\/\/insize.com.tr\/en\/wp-json\/wp\/v2\/product_tag?post=2614"}],"curies":[{"name":"wp","href":"https:\/\/api.w.org\/{rel}","templated":true}]}}