{"id":2615,"date":"2022-10-06T16:49:56","date_gmt":"2022-10-06T13:49:56","guid":{"rendered":"https:\/\/insize.com.tr\/?post_type=product&#038;p=2615"},"modified":"2026-03-04T14:36:44","modified_gmt":"2026-03-04T11:36:44","slug":"insize-ish-mr150-otomatik-rockwell-sertlik-olcme-cihazi","status":"publish","type":"product","link":"https:\/\/insize.com.tr\/en\/product\/insize-ish-mr150-otomatik-rockwell-sertlik-olcme-cihazi\/","title":{"rendered":"Insize ISH-MR150 Otomatik Rockwell Sertlik \u00d6l\u00e7me Cihaz\u0131"},"content":{"rendered":"<p><img loading=\"lazy\" decoding=\"async\" class=\"alignnone wp-image-9735 size-full\" src=\"https:\/\/denizmtl.com\/wp-content\/uploads\/2019\/02\/ISH-MR150-OTOMATIK-ROCKWELL-SERTLIK-OLCME.png\" alt=\"\" width=\"681\" height=\"376\" title=\"\"><\/p>","protected":false},"excerpt":{"rendered":"<ul>\n<li><a href=\"https:\/\/denizmtl.com\/wp-content\/uploads\/2021\/12\/ISH-MR150-OTOMATIK-ROCKWELL-SERTLIK-OLCME-CIHAZI.pdf\"><strong>Pdf i\u00e7in t\u0131klay\u0131n\u0131z.<\/strong><\/a><\/li>\n<li><a href=\"https:\/\/insize.com.tr\/wp-content\/uploads\/2026\/03\/ISH-PHB-E-V2.pdf\"><strong>Kullan\u0131m K\u0131lavuzu<\/strong><\/a><\/li>\n<\/ul>","protected":false},"featured_media":2627,"comment_status":"open","ping_status":"closed","template":"","meta":{"inline_featured_image":false},"product_brand":[],"product_cat":[32],"product_tag":[],"class_list":{"0":"post-2615","1":"product","2":"type-product","3":"status-publish","4":"has-post-thumbnail","6":"product_cat-sertlik-olcum-cihazlari","8":"first","9":"instock","10":"shipping-taxable","11":"purchasable","12":"product-type-simple"},"_links":{"self":[{"href":"https:\/\/insize.com.tr\/en\/wp-json\/wp\/v2\/product\/2615","targetHints":{"allow":["GET"]}}],"collection":[{"href":"https:\/\/insize.com.tr\/en\/wp-json\/wp\/v2\/product"}],"about":[{"href":"https:\/\/insize.com.tr\/en\/wp-json\/wp\/v2\/types\/product"}],"replies":[{"embeddable":true,"href":"https:\/\/insize.com.tr\/en\/wp-json\/wp\/v2\/comments?post=2615"}],"wp:featuredmedia":[{"embeddable":true,"href":"https:\/\/insize.com.tr\/en\/wp-json\/wp\/v2\/media\/2627"}],"wp:attachment":[{"href":"https:\/\/insize.com.tr\/en\/wp-json\/wp\/v2\/media?parent=2615"}],"wp:term":[{"taxonomy":"product_brand","embeddable":true,"href":"https:\/\/insize.com.tr\/en\/wp-json\/wp\/v2\/product_brand?post=2615"},{"taxonomy":"product_cat","embeddable":true,"href":"https:\/\/insize.com.tr\/en\/wp-json\/wp\/v2\/product_cat?post=2615"},{"taxonomy":"product_tag","embeddable":true,"href":"https:\/\/insize.com.tr\/en\/wp-json\/wp\/v2\/product_tag?post=2615"}],"curies":[{"name":"wp","href":"https:\/\/api.w.org\/{rel}","templated":true}]}}