{"id":2616,"date":"2022-10-06T16:49:56","date_gmt":"2022-10-06T13:49:56","guid":{"rendered":"https:\/\/insize.com.tr\/?post_type=product&#038;p=2616"},"modified":"2026-03-04T14:36:45","modified_gmt":"2026-03-04T11:36:45","slug":"insize-ish-mrd200-otomatik-dijital-rockwell-sertlik-olcme-cihazi","status":"publish","type":"product","link":"https:\/\/insize.com.tr\/en\/product\/insize-ish-mrd200-otomatik-dijital-rockwell-sertlik-olcme-cihazi\/","title":{"rendered":"Insize ISH-MRD200 Otomatik Dijital Rockwell Sertlik \u00d6l\u00e7me Cihaz\u0131"},"content":{"rendered":"<p><strong>Insize ISH-MRD200 Otomatik Dijital Rockwell Sertlik \u00d6l\u00e7me Cihaz\u0131<\/strong><\/p>\n<ul>\n<li>Metal i\u015f par\u00e7alar\u0131n\u0131n sertlik de\u011ferlerini \u00f6l\u00e7mek i\u00e7in kulan\u0131l\u0131r.<\/li>\n<li>Rockwell\u00a0 sertlik y\u00f6ntemi ile \u00f6l\u00e7\u00fcm yapar ve Vikers (HV) ve\u00a0 Brinel (HB)\u00a0 sertlik de\u011ferlerine d\u00f6n\u00fc\u015ft\u00fcr\u00fclebilir.<\/li>\n<li>HRA, HRB, HRC, HRD, HRF, HRG Rockwell skalalar\u0131nda \u00f6l\u00e7\u00fcm yap\u0131labilir.<\/li>\n<li>Maksimum, minimum de\u011fer fark\u0131 ve ortalama de\u011fer g\u00f6r\u00fcnt\u00fclenir.<\/li>\n<li>USB ile bilgisyara ba\u011flanabilir, \u00f6l\u00e7\u00fcm sonucu dahili yaz\u0131l\u0131m ile raporlanabilir.<\/li>\n<li>B\u00fcy\u00fck, k\u00fc\u00e7\u00fck silindir ve d\u00fcz par\u00e7alar 4 farkl\u0131 tabla sayesinde kolayl\u0131kla yerle\u015ftirilir ve \u00f6l\u00e7\u00fcl\u00fcr.<\/li>\n<li>3 Farkl\u0131 aral\u0131klarda sertlik mastar\u0131 ile verilir.<\/li>\n<\/ul>\n<p>&nbsp;<\/p>\n<p>[block id=&#8221;ish-mrd200&#8243;]<\/p>\n","protected":false},"excerpt":{"rendered":"<ul>\n<li>Alarml\u0131 d\u00fc\u015f\u00fck ve y\u00fcksek limit,<\/li>\n<li>Otomatik olarak HV ve HB&#8217; ye d\u00f6n\u00fc\u015f\u00fcr.<\/li>\n<li>Bilgi \u00e7\u0131kt\u0131s\u0131 i\u00e7in 1000 test\u00a0 de\u011feri haf\u0131zas\u0131na sahiptir.<\/li>\n<li>Test de\u011ferini yaz\u0131c\u0131ya otomatik\/kablosuz g\u00f6nderir.<\/li>\n<li>Otomatik kapanma<\/li>\n<li><a href=\"https:\/\/denizmtl.com\/wp-content\/uploads\/2021\/12\/ISH-MRD200-OTOMATIK-DIJITAL-ROCKWELL-SERTLIK-OLCME-CIHAZI.pdf\"><strong>Pdf i\u00e7in t\u0131klay\u0131n\u0131z.<\/strong><\/a><\/li>\n<li><a href=\"https:\/\/insize.com.tr\/wp-content\/uploads\/2026\/03\/ISH-MRD200-E-V2.pdf\"><strong>Kullan\u0131m K\u0131lavuzu<\/strong><\/a><\/li>\n<\/ul>\n<p>[block id=&#8221;ish-mrd200&#8243;]<\/p>\n","protected":false},"featured_media":5527,"comment_status":"open","ping_status":"closed","template":"","meta":{"inline_featured_image":false},"product_brand":[],"product_cat":[32],"product_tag":[],"class_list":{"0":"post-2616","1":"product","2":"type-product","3":"status-publish","4":"has-post-thumbnail","6":"product_cat-sertlik-olcum-cihazlari","8":"first","9":"instock","10":"shipping-taxable","11":"purchasable","12":"product-type-simple"},"_links":{"self":[{"href":"https:\/\/insize.com.tr\/en\/wp-json\/wp\/v2\/product\/2616","targetHints":{"allow":["GET"]}}],"collection":[{"href":"https:\/\/insize.com.tr\/en\/wp-json\/wp\/v2\/product"}],"about":[{"href":"https:\/\/insize.com.tr\/en\/wp-json\/wp\/v2\/types\/product"}],"replies":[{"embeddable":true,"href":"https:\/\/insize.com.tr\/en\/wp-json\/wp\/v2\/comments?post=2616"}],"wp:featuredmedia":[{"embeddable":true,"href":"https:\/\/insize.com.tr\/en\/wp-json\/wp\/v2\/media\/5527"}],"wp:attachment":[{"href":"https:\/\/insize.com.tr\/en\/wp-json\/wp\/v2\/media?parent=2616"}],"wp:term":[{"taxonomy":"product_brand","embeddable":true,"href":"https:\/\/insize.com.tr\/en\/wp-json\/wp\/v2\/product_brand?post=2616"},{"taxonomy":"product_cat","embeddable":true,"href":"https:\/\/insize.com.tr\/en\/wp-json\/wp\/v2\/product_cat?post=2616"},{"taxonomy":"product_tag","embeddable":true,"href":"https:\/\/insize.com.tr\/en\/wp-json\/wp\/v2\/product_tag?post=2616"}],"curies":[{"name":"wp","href":"https:\/\/api.w.org\/{rel}","templated":true}]}}