{"id":2752,"date":"2022-10-06T16:50:10","date_gmt":"2022-10-06T13:50:10","guid":{"rendered":"https:\/\/insize.com.tr\/?post_type=product&#038;p=2752"},"modified":"2026-04-20T16:50:09","modified_gmt":"2026-04-20T13:50:09","slug":"insize-3638-disli-cark-mikrometresi","status":"publish","type":"product","link":"https:\/\/insize.com.tr\/en\/product\/insize-3638-disli-cark-mikrometresi\/","title":{"rendered":"Insize 3638 \u0130\u00e7 \u00e7ap Di\u015fli Mikrometre Setleri"},"content":{"rendered":"<p><img loading=\"lazy\" decoding=\"async\" class=\"alignnone wp-image-9563 size-full\" src=\"https:\/\/denizmtl.com\/wp-content\/uploads\/2019\/02\/3638-DISLI-CARK-MIKROMETRESI.2.png\" alt=\"\" width=\"687\" height=\"329\" title=\"\"><\/p>","protected":false},"excerpt":{"rendered":"<ul>\n<li>Di\u015fli ve kanallar\u0131n kar\u015f\u0131l\u0131kl\u0131 \u00f6l\u00e7\u00fcmlerini ger\u00e7ekle\u015ftirir.<\/li>\n<li>Uzatma \u00e7ubuklar\u0131n\u0131n u\u00e7lar\u0131 yayl\u0131d\u0131r<\/li>\n<li>Opsiyonel aksesuar:bilya u\u00e7lar(kod:7383)<\/li>\n<li><a href=\"https:\/\/insize.com.tr\/wp-content\/uploads\/2026\/04\/3638.pdf\"><strong>Pdf i\u00e7in t\u0131klay\u0131n\u0131z.<\/strong><\/a><\/li>\n<li><a href=\"https:\/\/insize.com.tr\/wp-content\/uploads\/2026\/03\/3638-E-V0.pdf\"><strong>Kullan\u0131m K\u0131lavuzu<\/strong><\/a><\/li>\n<\/ul>","protected":false},"featured_media":2782,"comment_status":"open","ping_status":"closed","template":"","meta":{"inline_featured_image":false},"product_brand":[],"product_cat":[26,36],"product_tag":[],"class_list":{"0":"post-2752","1":"product","2":"type-product","3":"status-publish","4":"has-post-thumbnail","6":"product_cat-delik-olcum","7":"product_cat-mikrometreler","9":"first","10":"instock","11":"shipping-taxable","12":"purchasable","13":"product-type-variable"},"_links":{"self":[{"href":"https:\/\/insize.com.tr\/en\/wp-json\/wp\/v2\/product\/2752","targetHints":{"allow":["GET"]}}],"collection":[{"href":"https:\/\/insize.com.tr\/en\/wp-json\/wp\/v2\/product"}],"about":[{"href":"https:\/\/insize.com.tr\/en\/wp-json\/wp\/v2\/types\/product"}],"replies":[{"embeddable":true,"href":"https:\/\/insize.com.tr\/en\/wp-json\/wp\/v2\/comments?post=2752"}],"wp:featuredmedia":[{"embeddable":true,"href":"https:\/\/insize.com.tr\/en\/wp-json\/wp\/v2\/media\/2782"}],"wp:attachment":[{"href":"https:\/\/insize.com.tr\/en\/wp-json\/wp\/v2\/media?parent=2752"}],"wp:term":[{"taxonomy":"product_brand","embeddable":true,"href":"https:\/\/insize.com.tr\/en\/wp-json\/wp\/v2\/product_brand?post=2752"},{"taxonomy":"product_cat","embeddable":true,"href":"https:\/\/insize.com.tr\/en\/wp-json\/wp\/v2\/product_cat?post=2752"},{"taxonomy":"product_tag","embeddable":true,"href":"https:\/\/insize.com.tr\/en\/wp-json\/wp\/v2\/product_tag?post=2752"}],"curies":[{"name":"wp","href":"https:\/\/api.w.org\/{rel}","templated":true}]}}