{"id":2756,"date":"2022-10-06T16:50:10","date_gmt":"2022-10-06T13:50:10","guid":{"rendered":"https:\/\/insize.com.tr\/?post_type=product&#038;p=2756"},"modified":"2026-03-04T14:37:36","modified_gmt":"2026-03-04T11:37:36","slug":"insize-4001-silindir-blok-mastari","status":"publish","type":"product","link":"https:\/\/insize.com.tr\/en\/product\/insize-4001-silindir-blok-mastari\/","title":{"rendered":"Insize 4001 Silindir Blok Mastar\u0131"},"content":{"rendered":"<p><img loading=\"lazy\" decoding=\"async\" class=\"alignnone wp-image-9549 size-full\" src=\"https:\/\/denizmtl.com\/wp-content\/uploads\/2019\/02\/4001-SILINDIR-BLOK-MASTAR2.png\" alt=\"\" width=\"681\" height=\"494\" title=\"\"><\/p>","protected":false},"excerpt":{"rendered":"<ul>\n<li>Ala\u015f\u0131ml\u0131 \u00e7elikten yap\u0131lm\u0131\u015ft\u0131r.<\/li>\n<li>Y\u00fcksek tutarl\u0131l\u0131k,Sertlik HRC64,a\u015f\u0131nmaya dayan\u0131kl\u0131,kolay ombinasyon<\/li>\n<li>ISO-3650 kalite 1 standard\u0131na uygundur.<\/li>\n<li>M6x1 vidas\u0131 ile ba\u011flanabilir ve 4m kadar herhangi bir boyuta kadar birle\u015ftirilebilir.<\/li>\n<li><a href=\"https:\/\/denizmtl.com\/wp-content\/uploads\/2021\/12\/4001-SILINDIR-BLOK-MASTARI.pdf\"><strong>Pdf i\u00e7in t\u0131klay\u0131n\u0131z.<\/strong><\/a><\/li>\n<\/ul>","protected":false},"featured_media":2786,"comment_status":"open","ping_status":"closed","template":"","meta":{"inline_featured_image":false},"product_brand":[],"product_cat":[27],"product_tag":[],"class_list":{"0":"post-2756","1":"product","2":"type-product","3":"status-publish","4":"has-post-thumbnail","6":"product_cat-mastarlar","8":"first","9":"instock","10":"shipping-taxable","11":"purchasable","12":"product-type-variable"},"_links":{"self":[{"href":"https:\/\/insize.com.tr\/en\/wp-json\/wp\/v2\/product\/2756","targetHints":{"allow":["GET"]}}],"collection":[{"href":"https:\/\/insize.com.tr\/en\/wp-json\/wp\/v2\/product"}],"about":[{"href":"https:\/\/insize.com.tr\/en\/wp-json\/wp\/v2\/types\/product"}],"replies":[{"embeddable":true,"href":"https:\/\/insize.com.tr\/en\/wp-json\/wp\/v2\/comments?post=2756"}],"wp:featuredmedia":[{"embeddable":true,"href":"https:\/\/insize.com.tr\/en\/wp-json\/wp\/v2\/media\/2786"}],"wp:attachment":[{"href":"https:\/\/insize.com.tr\/en\/wp-json\/wp\/v2\/media?parent=2756"}],"wp:term":[{"taxonomy":"product_brand","embeddable":true,"href":"https:\/\/insize.com.tr\/en\/wp-json\/wp\/v2\/product_brand?post=2756"},{"taxonomy":"product_cat","embeddable":true,"href":"https:\/\/insize.com.tr\/en\/wp-json\/wp\/v2\/product_cat?post=2756"},{"taxonomy":"product_tag","embeddable":true,"href":"https:\/\/insize.com.tr\/en\/wp-json\/wp\/v2\/product_tag?post=2756"}],"curies":[{"name":"wp","href":"https:\/\/api.w.org\/{rel}","templated":true}]}}