{"id":2758,"date":"2022-10-06T16:50:11","date_gmt":"2022-10-06T13:50:11","guid":{"rendered":"https:\/\/insize.com.tr\/?post_type=product&#038;p=2758"},"modified":"2026-03-04T14:37:37","modified_gmt":"2026-03-04T11:37:37","slug":"insize-4003-aci-pleyt-seti","status":"publish","type":"product","link":"https:\/\/insize.com.tr\/en\/product\/insize-4003-aci-pleyt-seti\/","title":{"rendered":"Insize 4003 A\u00e7\u0131 Pleyt Seti"},"content":{"rendered":"<p><img loading=\"lazy\" decoding=\"async\" class=\"alignnone wp-image-9541 size-full\" src=\"https:\/\/denizmtl.com\/wp-content\/uploads\/2019\/02\/ACI-PLEYT-SETI.png\" alt=\"\" width=\"678\" height=\"221\" title=\"\"><\/p>\n<ul>\n<li>hgfhgfhg<\/li>\n<li>jgfhgfhgf<\/li>\n<li>uyhfhgfhgfh<\/li>\n<\/ul>","protected":false},"excerpt":{"rendered":"<ul>\n<li>A\u00e7\u0131 ayar\u0131nda \u00fcretim de ve\u00a0 denetlemede kullan\u0131l\u0131r.<\/li>\n<li>Tak\u0131m \u00e7elikten yap\u0131lm\u0131\u015ft\u0131r.<\/li>\n<li>Sertlik HRC55<\/li>\n<li><a href=\"https:\/\/denizmtl.com\/wp-content\/uploads\/2021\/12\/4003-ACI-PLEYT-SETLERI.pdf\"><strong>Pdf i\u00e7in t\u0131klay\u0131n\u0131z.<\/strong><\/a><\/li>\n<\/ul>","protected":false},"featured_media":2788,"comment_status":"open","ping_status":"closed","template":"","meta":{"inline_featured_image":false},"product_brand":[],"product_cat":[19,555],"product_tag":[],"class_list":{"0":"post-2758","1":"product","2":"type-product","3":"status-publish","4":"has-post-thumbnail","6":"product_cat-aci-olcer-ve-gonyeler","7":"product_cat-pleyt","9":"first","10":"instock","11":"shipping-taxable","12":"purchasable","13":"product-type-variable"},"_links":{"self":[{"href":"https:\/\/insize.com.tr\/en\/wp-json\/wp\/v2\/product\/2758","targetHints":{"allow":["GET"]}}],"collection":[{"href":"https:\/\/insize.com.tr\/en\/wp-json\/wp\/v2\/product"}],"about":[{"href":"https:\/\/insize.com.tr\/en\/wp-json\/wp\/v2\/types\/product"}],"replies":[{"embeddable":true,"href":"https:\/\/insize.com.tr\/en\/wp-json\/wp\/v2\/comments?post=2758"}],"wp:featuredmedia":[{"embeddable":true,"href":"https:\/\/insize.com.tr\/en\/wp-json\/wp\/v2\/media\/2788"}],"wp:attachment":[{"href":"https:\/\/insize.com.tr\/en\/wp-json\/wp\/v2\/media?parent=2758"}],"wp:term":[{"taxonomy":"product_brand","embeddable":true,"href":"https:\/\/insize.com.tr\/en\/wp-json\/wp\/v2\/product_brand?post=2758"},{"taxonomy":"product_cat","embeddable":true,"href":"https:\/\/insize.com.tr\/en\/wp-json\/wp\/v2\/product_cat?post=2758"},{"taxonomy":"product_tag","embeddable":true,"href":"https:\/\/insize.com.tr\/en\/wp-json\/wp\/v2\/product_tag?post=2758"}],"curies":[{"name":"wp","href":"https:\/\/api.w.org\/{rel}","templated":true}]}}