{"id":2766,"date":"2022-10-07T16:50:11","date_gmt":"2022-10-07T13:50:11","guid":{"rendered":"https:\/\/insize.com.tr\/?post_type=product&#038;p=2766"},"modified":"2026-04-20T16:50:11","modified_gmt":"2026-04-20T13:50:11","slug":"insize-ishb-ts-brinell-iz-birakma-olcum-sistemi","status":"publish","type":"product","link":"https:\/\/insize.com.tr\/en\/product\/insize-ishb-ts-brinell-iz-birakma-olcum-sistemi\/","title":{"rendered":"Insize ISHB-TS Brinell \u0130z B\u0131rakma \u00d6l\u00e7\u00fcm Sistemi"},"content":{"rendered":"<p><img loading=\"lazy\" decoding=\"async\" class=\"alignnone wp-image-9510 size-full\" src=\"https:\/\/denizmtl.com\/wp-content\/uploads\/2019\/02\/ISHB-TSA-BRINELL-IZ-BIRAKMA-OLCUM-SISTEMI-2-600x305-1.png\" alt=\"\" width=\"600\" height=\"305\" title=\"\"><\/p>","protected":false},"excerpt":{"rendered":"<ul>\n<li>Bilgisayara USB giri\u015fi ile ba\u011flan\u0131r.<\/li>\n<li>\u0130z otomatik olarak \u00f6l\u00e7\u00fcl\u00fcr.<\/li>\n<li>Sonu\u00e7lar otomatik olarak Excelle kaydedilir.<\/li>\n<li>\u00dcst ve alt limitler muhakeme ile.<\/li>\n<li>Standart sertlik blo\u011fu \u00fczerine iz kalibrasyonu<\/li>\n<li><a href=\"https:\/\/denizmtl.com\/wp-content\/uploads\/2021\/12\/ISHB-TSA-BRINELL-IZ-BIRAKMA-OLCUM-SISTEMI.pdf\"><strong>Pdf i\u00e7in t\u0131klay\u0131n\u0131z.<\/strong><\/a><\/li>\n<li><a href=\"https:\/\/insize.com.tr\/wp-content\/uploads\/2026\/03\/ISHB-B300-E-V1-.pdf\"><strong>Kullan\u0131m K\u0131lavuzu<\/strong><\/a><\/li>\n<\/ul>","protected":false},"featured_media":2796,"comment_status":"open","ping_status":"closed","template":"","meta":{"inline_featured_image":false},"product_brand":[],"product_cat":[32,551],"product_tag":[],"class_list":{"0":"post-2766","1":"product","2":"type-product","3":"status-publish","4":"has-post-thumbnail","6":"product_cat-sertlik-olcum-cihazlari","7":"product_cat-test-cihazlari","9":"first","10":"instock","11":"shipping-taxable","12":"purchasable","13":"product-type-variable"},"_links":{"self":[{"href":"https:\/\/insize.com.tr\/en\/wp-json\/wp\/v2\/product\/2766","targetHints":{"allow":["GET"]}}],"collection":[{"href":"https:\/\/insize.com.tr\/en\/wp-json\/wp\/v2\/product"}],"about":[{"href":"https:\/\/insize.com.tr\/en\/wp-json\/wp\/v2\/types\/product"}],"replies":[{"embeddable":true,"href":"https:\/\/insize.com.tr\/en\/wp-json\/wp\/v2\/comments?post=2766"}],"wp:featuredmedia":[{"embeddable":true,"href":"https:\/\/insize.com.tr\/en\/wp-json\/wp\/v2\/media\/2796"}],"wp:attachment":[{"href":"https:\/\/insize.com.tr\/en\/wp-json\/wp\/v2\/media?parent=2766"}],"wp:term":[{"taxonomy":"product_brand","embeddable":true,"href":"https:\/\/insize.com.tr\/en\/wp-json\/wp\/v2\/product_brand?post=2766"},{"taxonomy":"product_cat","embeddable":true,"href":"https:\/\/insize.com.tr\/en\/wp-json\/wp\/v2\/product_cat?post=2766"},{"taxonomy":"product_tag","embeddable":true,"href":"https:\/\/insize.com.tr\/en\/wp-json\/wp\/v2\/product_tag?post=2766"}],"curies":[{"name":"wp","href":"https:\/\/api.w.org\/{rel}","templated":true}]}}