{"id":2798,"date":"2022-10-06T16:50:15","date_gmt":"2022-10-06T13:50:15","guid":{"rendered":"https:\/\/insize.com.tr\/?post_type=product&#038;p=2798"},"modified":"2026-03-04T14:37:15","modified_gmt":"2026-03-04T11:37:15","slug":"insize-ishr-d121-dijital-manyetik-rockwell-sertlik-olcme-cihazi","status":"publish","type":"product","link":"https:\/\/insize.com.tr\/en\/product\/insize-ishr-d121-dijital-manyetik-rockwell-sertlik-olcme-cihazi\/","title":{"rendered":"Insize ISHR-D121 Dijital Manyetik Rockwell Sertlik \u00d6l\u00e7me Cihaz\u0131"},"content":{"rendered":"<p><img loading=\"lazy\" decoding=\"async\" class=\"alignnone wp-image-9501 size-full\" src=\"https:\/\/denizmtl.com\/wp-content\/uploads\/2019\/02\/ISHR-D121-DIJITAL-MANYETIK-ROCKWELL-SERTLIK-OLCME-CIHAZI2.png\" alt=\"\" width=\"678\" height=\"472\" title=\"\"><\/p>","protected":false},"excerpt":{"rendered":"<ul>\n<li>Uzun ve a\u011f\u0131r metal\u00a0 ya da demir par\u00e7alara uygulan\u0131r.<\/li>\n<li>Statik i\u015flevle,ortalama ve\u00a0 maksimum\/minimum de\u011fer g\u00f6sterilir.<\/li>\n<li>HV,HB ye d\u00f6n\u00fc\u015f\u00fcr\u00fclebilir.<\/li>\n<li>ISO 6508,ASTM E18 standartlar\u0131na uygundur.<\/li>\n<li><a href=\"https:\/\/insize.com.tr\/wp-content\/uploads\/2026\/02\/ISHR-D121.pdf\"><strong>Pdf i\u00e7in t\u0131klay\u0131n\u0131z.<\/strong><\/a><\/li>\n<li><a href=\"https:\/\/insize.com.tr\/wp-content\/uploads\/2026\/03\/ISHR-D121-E-V0.pdf\"><strong>Kullan\u0131m K\u0131lavuzu<\/strong><\/a><\/li>\n<\/ul>","protected":false},"featured_media":2828,"comment_status":"open","ping_status":"closed","template":"","meta":{"inline_featured_image":false},"product_brand":[],"product_cat":[32],"product_tag":[],"class_list":{"0":"post-2798","1":"product","2":"type-product","3":"status-publish","4":"has-post-thumbnail","6":"product_cat-sertlik-olcum-cihazlari","8":"first","9":"instock","10":"shipping-taxable","11":"purchasable","12":"product-type-simple"},"_links":{"self":[{"href":"https:\/\/insize.com.tr\/en\/wp-json\/wp\/v2\/product\/2798","targetHints":{"allow":["GET"]}}],"collection":[{"href":"https:\/\/insize.com.tr\/en\/wp-json\/wp\/v2\/product"}],"about":[{"href":"https:\/\/insize.com.tr\/en\/wp-json\/wp\/v2\/types\/product"}],"replies":[{"embeddable":true,"href":"https:\/\/insize.com.tr\/en\/wp-json\/wp\/v2\/comments?post=2798"}],"wp:featuredmedia":[{"embeddable":true,"href":"https:\/\/insize.com.tr\/en\/wp-json\/wp\/v2\/media\/2828"}],"wp:attachment":[{"href":"https:\/\/insize.com.tr\/en\/wp-json\/wp\/v2\/media?parent=2798"}],"wp:term":[{"taxonomy":"product_brand","embeddable":true,"href":"https:\/\/insize.com.tr\/en\/wp-json\/wp\/v2\/product_brand?post=2798"},{"taxonomy":"product_cat","embeddable":true,"href":"https:\/\/insize.com.tr\/en\/wp-json\/wp\/v2\/product_cat?post=2798"},{"taxonomy":"product_tag","embeddable":true,"href":"https:\/\/insize.com.tr\/en\/wp-json\/wp\/v2\/product_tag?post=2798"}],"curies":[{"name":"wp","href":"https:\/\/api.w.org\/{rel}","templated":true}]}}