{"id":2804,"date":"2022-10-06T16:50:15","date_gmt":"2022-10-06T13:50:15","guid":{"rendered":"https:\/\/insize.com.tr\/?post_type=product&#038;p=2804"},"modified":"2026-03-04T14:37:39","modified_gmt":"2026-03-04T11:37:39","slug":"insize-isl-a-linear-skala","status":"publish","type":"product","link":"https:\/\/insize.com.tr\/en\/product\/insize-isl-a-linear-skala\/","title":{"rendered":"Insize ISL-A Linear Skala"},"content":{"rendered":"<p><img loading=\"lazy\" decoding=\"async\" class=\"alignnone wp-image-9475 size-full\" src=\"https:\/\/denizmtl.com\/wp-content\/uploads\/2019\/02\/ISL-LINEAR-SKALA2.png\" alt=\"\" width=\"624\" height=\"620\" title=\"\"><\/p>","protected":false},"excerpt":{"rendered":"<ul>\n<li><a href=\"https:\/\/denizmtl.com\/wp-content\/uploads\/2021\/12\/ISL-A-LINEAR-SKALA.pdf\"><strong>Pdf i\u00e7in t\u0131klay\u0131n\u0131z.<\/strong><\/a><\/li>\n<li><strong><span style=\"background-color: #c0c0c0;\">Di\u011fer \u00f6l\u00e7\u00fc ve fiyatlar i\u00e7in ileti\u015fime ge\u00e7iniz.<\/span><\/strong><\/li>\n<li><a href=\"https:\/\/insize.com.tr\/wp-content\/uploads\/2026\/03\/ISL-DR-E-V0.pdf\"><strong>Kullan\u0131m K\u0131lavuzu<\/strong><\/a><\/li>\n<\/ul>","protected":false},"featured_media":2834,"comment_status":"closed","ping_status":"closed","template":"","meta":{"inline_featured_image":false},"product_brand":[],"product_cat":[42,31],"product_tag":[],"class_list":{"0":"post-2804","1":"product","2":"type-product","3":"status-publish","4":"has-post-thumbnail","6":"product_cat-dogrusal-skala","7":"product_cat-goruntu-olcum-sistemleri","9":"first","10":"instock","11":"shipping-taxable","12":"purchasable","13":"product-type-variable"},"_links":{"self":[{"href":"https:\/\/insize.com.tr\/en\/wp-json\/wp\/v2\/product\/2804","targetHints":{"allow":["GET"]}}],"collection":[{"href":"https:\/\/insize.com.tr\/en\/wp-json\/wp\/v2\/product"}],"about":[{"href":"https:\/\/insize.com.tr\/en\/wp-json\/wp\/v2\/types\/product"}],"replies":[{"embeddable":true,"href":"https:\/\/insize.com.tr\/en\/wp-json\/wp\/v2\/comments?post=2804"}],"wp:featuredmedia":[{"embeddable":true,"href":"https:\/\/insize.com.tr\/en\/wp-json\/wp\/v2\/media\/2834"}],"wp:attachment":[{"href":"https:\/\/insize.com.tr\/en\/wp-json\/wp\/v2\/media?parent=2804"}],"wp:term":[{"taxonomy":"product_brand","embeddable":true,"href":"https:\/\/insize.com.tr\/en\/wp-json\/wp\/v2\/product_brand?post=2804"},{"taxonomy":"product_cat","embeddable":true,"href":"https:\/\/insize.com.tr\/en\/wp-json\/wp\/v2\/product_cat?post=2804"},{"taxonomy":"product_tag","embeddable":true,"href":"https:\/\/insize.com.tr\/en\/wp-json\/wp\/v2\/product_tag?post=2804"}],"curies":[{"name":"wp","href":"https:\/\/api.w.org\/{rel}","templated":true}]}}