{"id":2805,"date":"2022-10-06T16:50:15","date_gmt":"2022-10-06T13:50:15","guid":{"rendered":"https:\/\/insize.com.tr\/?post_type=product&#038;p=2805"},"modified":"2026-04-20T16:50:04","modified_gmt":"2026-04-20T13:50:04","slug":"insize-ism-d500-dijital-kamera","status":"publish","type":"product","link":"https:\/\/insize.com.tr\/en\/product\/insize-ism-d500-dijital-kamera\/","title":{"rendered":"Insize ISM-D500 Dijital Kamera"},"content":{"rendered":"<p>ISM-D500 D\u0130J\u0130TAL KAMERA<br \/>\nMikroskoplar\u0131n kamera ba\u011flant\u0131 b\u00f6l\u00fcm\u00fcne veya g\u00f6z merce\u011fi t\u00fcp\u00fcne tak\u0131l\u0131r.Video ve resim \u00e7ekebilir.Bilgisayar destekli yaz\u0131l\u0131m sayesinde \u00f6l\u00e7\u00fcm yapabilme \u00f6zelli\u011fine sahiptir.Sanayi, menak\u00fcr, genetik, jeoloji, arkeoloji ve kriminalistik alan\u0131nda da kullan\u0131labilir.<\/p>\n<p>&nbsp;<\/p>\n<p><img loading=\"lazy\" decoding=\"async\" class=\"alignnone wp-image-9471 size-full\" src=\"https:\/\/denizmtl.com\/wp-content\/uploads\/2019\/02\/ISM-D500-DIJITAL-KAMERA2.png\" alt=\"\" width=\"678\" height=\"419\" title=\"\"><\/p>","protected":false},"excerpt":{"rendered":"<ul>\n<li>G\u00f6z merce\u011fi t\u00fcp\u00fcne ya da mikroskoplar\u0131n kamera ba\u011flant\u0131 b\u00f6l\u00fcm\u00fcne tak\u0131l\u0131r.<\/li>\n<li>Yaz\u0131l\u0131m ile tedarik edilir.<\/li>\n<li><a href=\"https:\/\/denizmtl.com\/wp-content\/uploads\/2021\/12\/ISM-D500-DIJITAL-KAMERA.pdf\"><strong>Pdf i\u00e7in t\u0131klay\u0131n\u0131z.<\/strong><\/a><\/li>\n<li><a href=\"https:\/\/insize.com.tr\/wp-content\/uploads\/2026\/03\/ISM-PRO-E-V2.pdf\"><strong>Kullan\u0131m K\u0131lavuzu<\/strong><\/a><\/li>\n<\/ul>","protected":false},"featured_media":2835,"comment_status":"open","ping_status":"closed","template":"","meta":{"inline_featured_image":false},"product_brand":[],"product_cat":[551,33],"product_tag":[],"class_list":{"0":"post-2805","1":"product","2":"type-product","3":"status-publish","4":"has-post-thumbnail","6":"product_cat-test-cihazlari","7":"product_cat-videoskoplar-sabit-boroskoplar","9":"first","10":"instock","11":"shipping-taxable","12":"purchasable","13":"product-type-simple"},"_links":{"self":[{"href":"https:\/\/insize.com.tr\/en\/wp-json\/wp\/v2\/product\/2805","targetHints":{"allow":["GET"]}}],"collection":[{"href":"https:\/\/insize.com.tr\/en\/wp-json\/wp\/v2\/product"}],"about":[{"href":"https:\/\/insize.com.tr\/en\/wp-json\/wp\/v2\/types\/product"}],"replies":[{"embeddable":true,"href":"https:\/\/insize.com.tr\/en\/wp-json\/wp\/v2\/comments?post=2805"}],"wp:featuredmedia":[{"embeddable":true,"href":"https:\/\/insize.com.tr\/en\/wp-json\/wp\/v2\/media\/2835"}],"wp:attachment":[{"href":"https:\/\/insize.com.tr\/en\/wp-json\/wp\/v2\/media?parent=2805"}],"wp:term":[{"taxonomy":"product_brand","embeddable":true,"href":"https:\/\/insize.com.tr\/en\/wp-json\/wp\/v2\/product_brand?post=2805"},{"taxonomy":"product_cat","embeddable":true,"href":"https:\/\/insize.com.tr\/en\/wp-json\/wp\/v2\/product_cat?post=2805"},{"taxonomy":"product_tag","embeddable":true,"href":"https:\/\/insize.com.tr\/en\/wp-json\/wp\/v2\/product_tag?post=2805"}],"curies":[{"name":"wp","href":"https:\/\/api.w.org\/{rel}","templated":true}]}}