{"id":3028,"date":"2022-10-06T16:50:37","date_gmt":"2022-10-06T13:50:37","guid":{"rendered":"https:\/\/insize.com.tr\/?post_type=product&#038;p=3028"},"modified":"2026-03-04T14:37:41","modified_gmt":"2026-03-04T11:37:41","slug":"insize-isp-az3020-profil-projektor","status":"publish","type":"product","link":"https:\/\/insize.com.tr\/en\/product\/insize-isp-az3020-profil-projektor\/","title":{"rendered":"Insize ISP-AZ Profil Projekt\u00f6r"},"content":{"rendered":"<p style=\"text-align: left;\"><strong>ISP-AZ3020 D\u0130KEY PROF\u0130L PROJEKT\u00d6R GEN\u0130\u015e HAREKET MESAFES\u0130<\/strong><br \/>\nK\u00fc\u00e7\u00fck ve orta boy i\u015f par\u00e7alar\u0131n\u0131n X ve Y eksenlerinde \u00f6l\u00e7\u00fcm\u00fcne uygundur. \u00c7ap, a\u00e7\u0131,mesafe \u00f6l\u00e7\u00fcmlerini net bir \u015fekilde g\u00f6rme imkan\u0131 sa\u011flar. Farkl\u0131 lens se\u00e7enekleri ile \u00e7ok k\u00fc\u00e7\u00fck i\u015f par\u00e7alar\u0131n\u0131n \u00f6l\u00e7\u00fcm\u00fcn\u00fc sa\u011fl\u0131kl\u0131 bir \u015fekilde yap\u0131lmas\u0131na olanak sa\u011flar. Tabla hareket mesafesinin b\u00fcy\u00fck olmas\u0131ndan dolay\u0131 b\u00fcy\u00fck par\u00e7alar\u0131n \u00f6l\u00e7\u00fcm\u00fcnde par\u00e7ay\u0131 kayd\u0131rmadan tek seferde \u00f6l\u00e7\u00fcm imkan\u0131 sa\u011flamaktad\u0131r.Kal\u0131p,makine,\u00fcretim,otomotiv,elektrik,elektronik,savunma sanayi,havac\u0131l\u0131k,kalite kontrol, vb. bir\u00e7ok alanda boyutsal \u00f6l\u00e7\u00fcm i\u015flemlerinde kullan\u0131labilir.<\/p>\n<p>&nbsp;<\/p>\n<p>&nbsp;<\/p>\n<p><img loading=\"lazy\" decoding=\"async\" class=\"alignnone wp-image-9436 size-full\" src=\"https:\/\/denizmtl.com\/wp-content\/uploads\/2019\/02\/ISP-AZ3020.2.png\" alt=\"\" width=\"640\" height=\"596\" title=\"\"><\/p>","protected":false},"excerpt":{"rendered":"<ul>\n<li>Projekt\u00f6r kafas\u0131 indirilip kald\u0131r\u0131larak odaklama yap\u0131l\u0131r,tabla a\u015fa\u011f\u0131 ve yukar\u0131 hareket etmez.<\/li>\n<li>Maksimum i\u015f par\u00e7as\u0131 a\u011f\u0131rl\u0131\u011f\u0131 50 kg<\/li>\n<li><a href=\"https:\/\/insize.com.tr\/wp-content\/uploads\/2026\/02\/ISP-AZ.pdf\"><strong>Pdf i\u00e7in t\u0131klay\u0131n\u0131z.<\/strong><\/a><\/li>\n<li><a href=\"https:\/\/insize.com.tr\/wp-content\/uploads\/2026\/02\/ISP-AZ.pdf\"><strong>Pdf devam\u0131 i\u00e7in t\u0131klay\u0131n\u0131z.<\/strong><\/a><\/li>\n<li><a href=\"https:\/\/insize.com.tr\/wp-content\/uploads\/2026\/03\/ISP-Z-SERIES-E-V0.pdf\"><strong>Kullan\u0131m K\u0131lavuzu<\/strong><\/a><\/li>\n<\/ul>","protected":false},"featured_media":3055,"comment_status":"open","ping_status":"closed","template":"","meta":{"inline_featured_image":false},"product_brand":[],"product_cat":[31],"product_tag":[],"class_list":{"0":"post-3028","1":"product","2":"type-product","3":"status-publish","4":"has-post-thumbnail","6":"product_cat-goruntu-olcum-sistemleri","8":"first","9":"instock","10":"shipping-taxable","11":"purchasable","12":"product-type-simple"},"_links":{"self":[{"href":"https:\/\/insize.com.tr\/en\/wp-json\/wp\/v2\/product\/3028","targetHints":{"allow":["GET"]}}],"collection":[{"href":"https:\/\/insize.com.tr\/en\/wp-json\/wp\/v2\/product"}],"about":[{"href":"https:\/\/insize.com.tr\/en\/wp-json\/wp\/v2\/types\/product"}],"replies":[{"embeddable":true,"href":"https:\/\/insize.com.tr\/en\/wp-json\/wp\/v2\/comments?post=3028"}],"wp:featuredmedia":[{"embeddable":true,"href":"https:\/\/insize.com.tr\/en\/wp-json\/wp\/v2\/media\/3055"}],"wp:attachment":[{"href":"https:\/\/insize.com.tr\/en\/wp-json\/wp\/v2\/media?parent=3028"}],"wp:term":[{"taxonomy":"product_brand","embeddable":true,"href":"https:\/\/insize.com.tr\/en\/wp-json\/wp\/v2\/product_brand?post=3028"},{"taxonomy":"product_cat","embeddable":true,"href":"https:\/\/insize.com.tr\/en\/wp-json\/wp\/v2\/product_cat?post=3028"},{"taxonomy":"product_tag","embeddable":true,"href":"https:\/\/insize.com.tr\/en\/wp-json\/wp\/v2\/product_tag?post=3028"}],"curies":[{"name":"wp","href":"https:\/\/api.w.org\/{rel}","templated":true}]}}