{"id":3042,"date":"2022-10-06T16:50:37","date_gmt":"2022-10-06T13:50:37","guid":{"rendered":"https:\/\/insize.com.tr\/?post_type=product&#038;p=3042"},"modified":"2026-03-04T14:38:26","modified_gmt":"2026-03-04T11:38:26","slug":"insize-ist-5w-dijital-tork-adaptoru","status":"publish","type":"product","link":"https:\/\/insize.com.tr\/en\/product\/insize-ist-5w-dijital-tork-adaptoru\/","title":{"rendered":"Insize IST-5W Dijital Tork Adapt\u00f6r\u00fc"},"content":{"rendered":"","protected":false},"excerpt":{"rendered":"<ul>\n<li>Saat y\u00f6n\u00fc ve tersi y\u00f6n\u00fcnde operasyon<\/li>\n<li>\u00d6nce istenilen tork ayarlan\u0131r, istenilen torka ula\u015ft\u0131ktan sonra\u00a0 a\u00e7\u0131 ayarlan\u0131r ve ekstra tork uygulamak i\u00e7in anahtar bu y\u00f6nde d\u00f6nd\u00fcr\u00fcl\u00fcr.<\/li>\n<li>Tepe ve takip \u00e7al\u0131\u015fma modu<\/li>\n<li>Hedef tork veya a\u00e7\u0131 de\u011feri\u00a0 sesli ve g\u00f6r\u00fcn\u00fcr alarm ile ayarlanabilir.<\/li>\n<li>Kullan\u0131lmad\u0131\u011f\u0131nda 2 dakika sonra otomatik kapan\u0131r.<\/li>\n<li>\u0130nceleme i\u00e7in 50 de\u011ferlik \u00f6l\u00e7\u00fcm haf\u0131zas\u0131<\/li>\n<li>Fazla y\u00fckleme kayd\u0131 ile\u00a0 ( tork maksimum\u00a0 aral\u0131\u011f\u0131n % 110 una ula\u015ft\u0131\u011f\u0131nda)<\/li>\n<li><a href=\"https:\/\/insize.com.tr\/wp-content\/uploads\/2026\/02\/IST-5W.pdf\"><strong>Pdf i\u00e7in t\u0131klay\u0131n\u0131z.<\/strong><\/a><\/li>\n<li><a href=\"https:\/\/insize.com.tr\/wp-content\/uploads\/2026\/03\/IST-DW-SERIES-E-V1.pdf\"><strong>Kullan\u0131m K\u0131lavuzu<\/strong><\/a><\/li>\n<\/ul>","protected":false},"featured_media":3068,"comment_status":"open","ping_status":"closed","template":"","meta":{"inline_featured_image":false},"product_brand":[],"product_cat":[35],"product_tag":[],"class_list":{"0":"post-3042","1":"product","2":"type-product","3":"status-publish","4":"has-post-thumbnail","6":"product_cat-tork-test-cihazi-ve-tork-anahtari","8":"first","9":"instock","10":"shipping-taxable","11":"purchasable","12":"product-type-variable"},"_links":{"self":[{"href":"https:\/\/insize.com.tr\/en\/wp-json\/wp\/v2\/product\/3042","targetHints":{"allow":["GET"]}}],"collection":[{"href":"https:\/\/insize.com.tr\/en\/wp-json\/wp\/v2\/product"}],"about":[{"href":"https:\/\/insize.com.tr\/en\/wp-json\/wp\/v2\/types\/product"}],"replies":[{"embeddable":true,"href":"https:\/\/insize.com.tr\/en\/wp-json\/wp\/v2\/comments?post=3042"}],"wp:featuredmedia":[{"embeddable":true,"href":"https:\/\/insize.com.tr\/en\/wp-json\/wp\/v2\/media\/3068"}],"wp:attachment":[{"href":"https:\/\/insize.com.tr\/en\/wp-json\/wp\/v2\/media?parent=3042"}],"wp:term":[{"taxonomy":"product_brand","embeddable":true,"href":"https:\/\/insize.com.tr\/en\/wp-json\/wp\/v2\/product_brand?post=3042"},{"taxonomy":"product_cat","embeddable":true,"href":"https:\/\/insize.com.tr\/en\/wp-json\/wp\/v2\/product_cat?post=3042"},{"taxonomy":"product_tag","embeddable":true,"href":"https:\/\/insize.com.tr\/en\/wp-json\/wp\/v2\/product_tag?post=3042"}],"curies":[{"name":"wp","href":"https:\/\/api.w.org\/{rel}","templated":true}]}}