{"id":3045,"date":"2022-10-06T16:50:38","date_gmt":"2022-10-06T13:50:38","guid":{"rendered":"https:\/\/insize.com.tr\/?post_type=product&#038;p=3045"},"modified":"2026-04-20T16:50:17","modified_gmt":"2026-04-20T13:50:17","slug":"insize-ist-m-tork-tornavidasi-dusuk-calisma-aralikli","status":"publish","type":"product","link":"https:\/\/insize.com.tr\/en\/product\/insize-ist-m-tork-tornavidasi-dusuk-calisma-aralikli\/","title":{"rendered":"Insize IST-M Tork Tornavidas\u0131 ( D\u00fc\u015f\u00fck \u00c7al\u0131\u015fma Aral\u0131kl\u0131)"},"content":{"rendered":"<p><img loading=\"lazy\" decoding=\"async\" class=\"alignnone wp-image-9387 size-full\" src=\"https:\/\/denizmtl.com\/wp-content\/uploads\/2019\/02\/TORK-TORNAVIDASI.png\" alt=\"\" width=\"677\" height=\"310\" title=\"\"><\/p>","protected":false},"excerpt":{"rendered":"<ul>\n<li>DIN ISO 6789,ASME B107 300-2010 standartlar\u0131na uygundur.<\/li>\n<li><a href=\"https:\/\/denizmtl.com\/wp-content\/uploads\/2022\/01\/IST-M-TORK-TORNOVIDASI-DUSUK-CALISMA-ARALIKLI-.pdf\"><strong>Pdf i\u00e7in t\u0131klay\u0131n\u0131z.<\/strong><\/a><\/li>\n<li><a href=\"https:\/\/insize.com.tr\/wp-content\/uploads\/2026\/03\/ISH-PHB-E-V2.pdf\"><strong>Kullan\u0131m K\u0131lavuzu<\/strong><\/a><\/li>\n<\/ul>","protected":false},"featured_media":3071,"comment_status":"open","ping_status":"closed","template":"","meta":{"inline_featured_image":false},"product_brand":[],"product_cat":[35],"product_tag":[],"class_list":{"0":"post-3045","1":"product","2":"type-product","3":"status-publish","4":"has-post-thumbnail","6":"product_cat-tork-test-cihazi-ve-tork-anahtari","8":"first","9":"instock","10":"shipping-taxable","11":"purchasable","12":"product-type-variable"},"_links":{"self":[{"href":"https:\/\/insize.com.tr\/en\/wp-json\/wp\/v2\/product\/3045","targetHints":{"allow":["GET"]}}],"collection":[{"href":"https:\/\/insize.com.tr\/en\/wp-json\/wp\/v2\/product"}],"about":[{"href":"https:\/\/insize.com.tr\/en\/wp-json\/wp\/v2\/types\/product"}],"replies":[{"embeddable":true,"href":"https:\/\/insize.com.tr\/en\/wp-json\/wp\/v2\/comments?post=3045"}],"wp:featuredmedia":[{"embeddable":true,"href":"https:\/\/insize.com.tr\/en\/wp-json\/wp\/v2\/media\/3071"}],"wp:attachment":[{"href":"https:\/\/insize.com.tr\/en\/wp-json\/wp\/v2\/media?parent=3045"}],"wp:term":[{"taxonomy":"product_brand","embeddable":true,"href":"https:\/\/insize.com.tr\/en\/wp-json\/wp\/v2\/product_brand?post=3045"},{"taxonomy":"product_cat","embeddable":true,"href":"https:\/\/insize.com.tr\/en\/wp-json\/wp\/v2\/product_cat?post=3045"},{"taxonomy":"product_tag","embeddable":true,"href":"https:\/\/insize.com.tr\/en\/wp-json\/wp\/v2\/product_tag?post=3045"}],"curies":[{"name":"wp","href":"https:\/\/api.w.org\/{rel}","templated":true}]}}