{"id":3047,"date":"2022-10-06T16:50:38","date_gmt":"2022-10-06T13:50:38","guid":{"rendered":"https:\/\/insize.com.tr\/?post_type=product&#038;p=3047"},"modified":"2026-04-20T16:50:17","modified_gmt":"2026-04-20T13:50:17","slug":"insize-ist-sd-dijital-tork-tornavidasi","status":"publish","type":"product","link":"https:\/\/insize.com.tr\/en\/product\/insize-ist-sd-dijital-tork-tornavidasi\/","title":{"rendered":"Insize IST-SD Dijital Tork Tornavidas\u0131"},"content":{"rendered":"<p><iframe loading=\"lazy\" src=\"https:\/\/www.youtube.com\/embed\/A8tNdMqfH4U\" width=\"560\" height=\"315\" frameborder=\"0\" allowfullscreen=\"allowfullscreen\"><\/iframe><\/p>\n<p><img loading=\"lazy\" decoding=\"async\" class=\"alignleft wp-image-9362 size-full\" src=\"https:\/\/denizmtl.com\/wp-content\/uploads\/2019\/02\/IST-SD-TORK-TORNAVIDASI.2.png\" alt=\"\" width=\"704\" height=\"389\" title=\"\"><\/p>\n<p>&nbsp;<\/p>\n<p>&nbsp;<\/p>","protected":false},"excerpt":{"rendered":"<ul>\n<li>Saat y\u00f6n\u00fc ve tersi y\u00f6n\u00fcnde operasyon<\/li>\n<li>Tepe ve izleme \u00e7al\u0131\u015fma modlar\u0131<\/li>\n<li>Hedef tork de\u011feri sesli ve g\u00f6r\u00fcnt\u00fcl\u00fc alarm ile ayarlanabilir.<\/li>\n<li>Tork de\u011feri hedef tork de\u011ferinin %90-%100 civar\u0131na geldi\u011finde ye\u015fil LED \u0131\u015f\u0131k yanar ve uyar\u0131 sesi gelir.<\/li>\n<li>5 dakika kullan\u0131lmazsa otomatik kapan\u0131r.<\/li>\n<li><a href=\"https:\/\/insize.com.tr\/wp-content\/uploads\/2026\/02\/IST-SD.pdf\"><strong>Pdf i\u00e7in t\u0131klay\u0131n\u0131z.<\/strong><\/a><\/li>\n<li><a href=\"https:\/\/insize.com.tr\/wp-content\/uploads\/2026\/03\/IST-DW-SERIES-E-V1.pdf\"><strong>Kullan\u0131m K\u0131lavuzu<\/strong><\/a><\/li>\n<\/ul>","protected":false},"featured_media":3073,"comment_status":"open","ping_status":"closed","template":"","meta":{"inline_featured_image":false},"product_brand":[],"product_cat":[551,35],"product_tag":[],"class_list":{"0":"post-3047","1":"product","2":"type-product","3":"status-publish","4":"has-post-thumbnail","6":"product_cat-test-cihazlari","7":"product_cat-tork-test-cihazi-ve-tork-anahtari","9":"first","10":"instock","11":"shipping-taxable","12":"purchasable","13":"product-type-variable"},"_links":{"self":[{"href":"https:\/\/insize.com.tr\/en\/wp-json\/wp\/v2\/product\/3047","targetHints":{"allow":["GET"]}}],"collection":[{"href":"https:\/\/insize.com.tr\/en\/wp-json\/wp\/v2\/product"}],"about":[{"href":"https:\/\/insize.com.tr\/en\/wp-json\/wp\/v2\/types\/product"}],"replies":[{"embeddable":true,"href":"https:\/\/insize.com.tr\/en\/wp-json\/wp\/v2\/comments?post=3047"}],"wp:featuredmedia":[{"embeddable":true,"href":"https:\/\/insize.com.tr\/en\/wp-json\/wp\/v2\/media\/3073"}],"wp:attachment":[{"href":"https:\/\/insize.com.tr\/en\/wp-json\/wp\/v2\/media?parent=3047"}],"wp:term":[{"taxonomy":"product_brand","embeddable":true,"href":"https:\/\/insize.com.tr\/en\/wp-json\/wp\/v2\/product_brand?post=3047"},{"taxonomy":"product_cat","embeddable":true,"href":"https:\/\/insize.com.tr\/en\/wp-json\/wp\/v2\/product_cat?post=3047"},{"taxonomy":"product_tag","embeddable":true,"href":"https:\/\/insize.com.tr\/en\/wp-json\/wp\/v2\/product_tag?post=3047"}],"curies":[{"name":"wp","href":"https:\/\/api.w.org\/{rel}","templated":true}]}}