{"id":3049,"date":"2022-10-06T16:50:38","date_gmt":"2022-10-06T13:50:38","guid":{"rendered":"https:\/\/insize.com.tr\/?post_type=product&#038;p=3049"},"modified":"2026-03-04T14:38:29","modified_gmt":"2026-03-04T11:38:29","slug":"insize-ist-wp-dijital-tork-anahtari-dusuk-calisma-aralikli","status":"publish","type":"product","link":"https:\/\/insize.com.tr\/en\/product\/insize-ist-wp-dijital-tork-anahtari-dusuk-calisma-aralikli\/","title":{"rendered":"Insize IST-WP Dijital Tork Anahtar\u0131 (D\u00fc\u015f\u00fck \u00c7al\u0131\u015fma Aral\u0131kl\u0131)"},"content":{"rendered":"<p><img loading=\"lazy\" decoding=\"async\" class=\"alignnone size-full wp-image-11315\" src=\"https:\/\/denizmtl.com\/wp-content\/uploads\/2019\/02\/dijital-tork-anahtari-3.png\" alt=\"\" width=\"686\" height=\"435\" title=\"\"><\/p>","protected":false},"excerpt":{"rendered":"<ul>\n<li>Saat y\u00f6n\u00fc ve tersi y\u00f6n\u00fcnde operasyon<\/li>\n<li>Tepe ve izleme modlar\u0131<\/li>\n<li>5 dakika kullan\u0131lmazsa otomatik kapan\u0131r.<\/li>\n<li>Kaymayan tutma kolu<\/li>\n<li>Fazla y\u00fck kaydetme ile<\/li>\n<li><a href=\"https:\/\/insize.com.tr\/wp-content\/uploads\/2026\/02\/IST-WP.pdf\"><strong>Pdf i\u00e7in t\u0131klay\u0131n\u0131z.<\/strong><\/a><\/li>\n<li><a href=\"https:\/\/insize.com.tr\/wp-content\/uploads\/2026\/03\/IST-WP-SERIES-E-V0.pdf\"><strong>Kullan\u0131m K\u0131lavuzu<\/strong><\/a><\/li>\n<\/ul>","protected":false},"featured_media":3075,"comment_status":"open","ping_status":"closed","template":"","meta":{"inline_featured_image":false},"product_brand":[],"product_cat":[35],"product_tag":[],"class_list":{"0":"post-3049","1":"product","2":"type-product","3":"status-publish","4":"has-post-thumbnail","6":"product_cat-tork-test-cihazi-ve-tork-anahtari","8":"first","9":"instock","10":"shipping-taxable","11":"purchasable","12":"product-type-variable"},"_links":{"self":[{"href":"https:\/\/insize.com.tr\/en\/wp-json\/wp\/v2\/product\/3049","targetHints":{"allow":["GET"]}}],"collection":[{"href":"https:\/\/insize.com.tr\/en\/wp-json\/wp\/v2\/product"}],"about":[{"href":"https:\/\/insize.com.tr\/en\/wp-json\/wp\/v2\/types\/product"}],"replies":[{"embeddable":true,"href":"https:\/\/insize.com.tr\/en\/wp-json\/wp\/v2\/comments?post=3049"}],"wp:featuredmedia":[{"embeddable":true,"href":"https:\/\/insize.com.tr\/en\/wp-json\/wp\/v2\/media\/3075"}],"wp:attachment":[{"href":"https:\/\/insize.com.tr\/en\/wp-json\/wp\/v2\/media?parent=3049"}],"wp:term":[{"taxonomy":"product_brand","embeddable":true,"href":"https:\/\/insize.com.tr\/en\/wp-json\/wp\/v2\/product_brand?post=3049"},{"taxonomy":"product_cat","embeddable":true,"href":"https:\/\/insize.com.tr\/en\/wp-json\/wp\/v2\/product_cat?post=3049"},{"taxonomy":"product_tag","embeddable":true,"href":"https:\/\/insize.com.tr\/en\/wp-json\/wp\/v2\/product_tag?post=3049"}],"curies":[{"name":"wp","href":"https:\/\/api.w.org\/{rel}","templated":true}]}}