{"id":3080,"date":"2022-10-06T16:50:44","date_gmt":"2022-10-06T13:50:44","guid":{"rendered":"https:\/\/insize.com.tr\/?post_type=product&#038;p=3080"},"modified":"2026-04-20T16:50:19","modified_gmt":"2026-04-20T13:50:19","slug":"insize-isv-motorlu-360-donen-videoskop","status":"publish","type":"product","link":"https:\/\/insize.com.tr\/en\/product\/insize-isv-motorlu-360-donen-videoskop\/","title":{"rendered":"Insize ISV- Motorlu 360\u00b0 D\u00f6nen Videoskop"},"content":{"rendered":"<p>ISV MOTORLU 360\u00b0 D\u00d6NEN VIDEOSKOP<br \/>\nElle ula\u015f\u0131lamayan g\u00f6zle g\u00f6r\u00fclmeyen t\u00fcm noktalar\u0131n hasar, ar\u0131za, s\u0131z\u0131n ve ka\u00e7ak tespitlerin\u0130 g\u00f6r\u00fcnt\u00fcleyen bir cihazd\u0131r.Foto\u011fraf ve video \u00e7ekme \u00f6zelli\u011fine sahiptir.Motorlu kumanda kolu sayesinde b\u00fck\u00fclme kontrol\u00fc yap\u0131l\u0131r. Sanayi, tekstil, t\u0131p, matbaac\u0131l\u0131k, elektrik elektronik, otomotiv ve end\u00fcstri sanayi ba\u015fta olmak \u00fczere do\u011falgaz tanklar\u0131, buhar kazanlar\u0131 gibi s\u0131z\u0131n ve ka\u00e7a\u011f\u0131n olabilece\u011fi her yerde g\u00f6r\u00fcnt\u00fcleme yapma \u00f6zeli\u011fine sahiptir.<\/p>\n<p><iframe loading=\"lazy\" src=\"https:\/\/www.youtube.com\/embed\/cxnySqS9D5c\" width=\"560\" height=\"315\" frameborder=\"0\" allowfullscreen=\"allowfullscreen\"><\/iframe><\/p>\n<p>&nbsp;<\/p>\n<p><img loading=\"lazy\" decoding=\"async\" class=\"alignleft wp-image-9333 size-full\" src=\"https:\/\/denizmtl.com\/wp-content\/uploads\/2019\/03\/MOTORLU-VIDEOSKOP.png\" alt=\"\" width=\"691\" height=\"496\" title=\"\"><\/p>","protected":false},"excerpt":{"rendered":"<ul>\n<li><a href=\"https:\/\/denizmtl.com\/wp-content\/uploads\/2022\/01\/ISV-MOTORLU-360\u00b0-DONEN-MIKROSKOP.pdf\"><strong>Pdf i\u00e7in t\u0131klay\u0131n\u0131z.<\/strong><\/a><\/li>\n<\/ul>","protected":false},"featured_media":3110,"comment_status":"open","ping_status":"closed","template":"","meta":{"inline_featured_image":false},"product_brand":[],"product_cat":[33],"product_tag":[],"class_list":{"0":"post-3080","1":"product","2":"type-product","3":"status-publish","4":"has-post-thumbnail","6":"product_cat-videoskoplar-sabit-boroskoplar","8":"first","9":"instock","10":"shipping-taxable","11":"purchasable","12":"product-type-variable"},"_links":{"self":[{"href":"https:\/\/insize.com.tr\/en\/wp-json\/wp\/v2\/product\/3080","targetHints":{"allow":["GET"]}}],"collection":[{"href":"https:\/\/insize.com.tr\/en\/wp-json\/wp\/v2\/product"}],"about":[{"href":"https:\/\/insize.com.tr\/en\/wp-json\/wp\/v2\/types\/product"}],"replies":[{"embeddable":true,"href":"https:\/\/insize.com.tr\/en\/wp-json\/wp\/v2\/comments?post=3080"}],"wp:featuredmedia":[{"embeddable":true,"href":"https:\/\/insize.com.tr\/en\/wp-json\/wp\/v2\/media\/3110"}],"wp:attachment":[{"href":"https:\/\/insize.com.tr\/en\/wp-json\/wp\/v2\/media?parent=3080"}],"wp:term":[{"taxonomy":"product_brand","embeddable":true,"href":"https:\/\/insize.com.tr\/en\/wp-json\/wp\/v2\/product_brand?post=3080"},{"taxonomy":"product_cat","embeddable":true,"href":"https:\/\/insize.com.tr\/en\/wp-json\/wp\/v2\/product_cat?post=3080"},{"taxonomy":"product_tag","embeddable":true,"href":"https:\/\/insize.com.tr\/en\/wp-json\/wp\/v2\/product_tag?post=3080"}],"curies":[{"name":"wp","href":"https:\/\/api.w.org\/{rel}","templated":true}]}}