{"id":3082,"date":"2022-10-06T16:50:44","date_gmt":"2022-10-06T13:50:44","guid":{"rendered":"https:\/\/insize.com.tr\/?post_type=product&#038;p=3082"},"modified":"2026-04-21T16:24:07","modified_gmt":"2026-04-21T13:24:07","slug":"insize-isv-e20-videoskop","status":"publish","type":"product","link":"https:\/\/insize.com.tr\/en\/product\/insize-isv-e20-videoskop\/","title":{"rendered":"Insize ISV-E20 Videoskop"},"content":{"rendered":"<p>ISV-E20 V\u0130DEOSKOP<br \/>\nElle ula\u015f\u0131lamayan g\u00f6zle g\u00f6r\u00fclemeyen t\u00fcm noktalar\u0131n hasar,ar\u0131za,s\u0131z\u0131n ve ka\u00e7ak tespitlerini g\u00f6r\u00fcnt\u00fcleyen bir cihazd\u0131r.Foto\u011fraf ve video \u00e7ekebilme,tv&#8217;ye g\u00f6r\u00fcnt\u00fc verme \u00f6zelli\u011fine sahiptir.Kablo y\u00fcksek ayd\u0131nlatmaya sahiptir ve herhangi bir \u015fekle ayarlanabilir.Sanayi, tekstil, t\u0131p, matbaac\u0131l\u0131k, elektrik elektronik, otomotiv ve end\u00fcstri sanayi ba\u015fta olmak \u00fczere do\u011falgaz tanklar\u0131, buhar kazanlar\u0131 gibi s\u0131z\u0131n ve ka\u00e7a\u011f\u0131n olabilece\u011fi her yerde g\u00f6r\u00fcnt\u00fcleme yapma \u00f6zeli\u011fine sahiptir.<\/p>\n<p>&nbsp;<\/p>\n<p><img loading=\"lazy\" decoding=\"async\" class=\"alignleft wp-image-9327 size-full\" src=\"https:\/\/denizmtl.com\/wp-content\/uploads\/2019\/03\/ISV-E20-VIDEOSKOPre.png\" alt=\"\" width=\"697\" height=\"473\" title=\"\"><\/p>","protected":false},"excerpt":{"rendered":"<ul>\n<li>Kablo y\u00fcksek ayd\u0131nlatmaya dahildir ve herhangi bir \u015fekle ayarlanabilir.<\/li>\n<li>Turbo \u015farj cihaz\u0131 gibi geni\u015f i\u00e7 hacim g\u00f6zlemlemek i\u00e7in uygundur.<\/li>\n<li><a href=\"https:\/\/denizmtl.com\/wp-content\/uploads\/2022\/01\/ISV-E20-VIDEOSKOP.pdf\"><strong>Pdf i\u00e7in t\u0131klay\u0131n\u0131z.<\/strong><\/a><\/li>\n<\/ul>","protected":false},"featured_media":3112,"comment_status":"open","ping_status":"closed","template":"","meta":{"inline_featured_image":false},"product_brand":[],"product_cat":[33],"product_tag":[],"class_list":{"0":"post-3082","1":"product","2":"type-product","3":"status-publish","4":"has-post-thumbnail","6":"product_cat-videoskoplar-sabit-boroskoplar","8":"first","9":"instock","10":"shipping-taxable","11":"purchasable","12":"product-type-simple"},"_links":{"self":[{"href":"https:\/\/insize.com.tr\/en\/wp-json\/wp\/v2\/product\/3082","targetHints":{"allow":["GET"]}}],"collection":[{"href":"https:\/\/insize.com.tr\/en\/wp-json\/wp\/v2\/product"}],"about":[{"href":"https:\/\/insize.com.tr\/en\/wp-json\/wp\/v2\/types\/product"}],"replies":[{"embeddable":true,"href":"https:\/\/insize.com.tr\/en\/wp-json\/wp\/v2\/comments?post=3082"}],"wp:featuredmedia":[{"embeddable":true,"href":"https:\/\/insize.com.tr\/en\/wp-json\/wp\/v2\/media\/3112"}],"wp:attachment":[{"href":"https:\/\/insize.com.tr\/en\/wp-json\/wp\/v2\/media?parent=3082"}],"wp:term":[{"taxonomy":"product_brand","embeddable":true,"href":"https:\/\/insize.com.tr\/en\/wp-json\/wp\/v2\/product_brand?post=3082"},{"taxonomy":"product_cat","embeddable":true,"href":"https:\/\/insize.com.tr\/en\/wp-json\/wp\/v2\/product_cat?post=3082"},{"taxonomy":"product_tag","embeddable":true,"href":"https:\/\/insize.com.tr\/en\/wp-json\/wp\/v2\/product_tag?post=3082"}],"curies":[{"name":"wp","href":"https:\/\/api.w.org\/{rel}","templated":true}]}}