{"id":3084,"date":"2022-10-06T16:50:44","date_gmt":"2022-10-06T13:50:44","guid":{"rendered":"https:\/\/insize.com.tr\/?post_type=product&#038;p=3084"},"modified":"2026-03-04T14:38:14","modified_gmt":"2026-03-04T11:38:14","slug":"insize-isv-vp280-boru-videoskop","status":"publish","type":"product","link":"https:\/\/insize.com.tr\/en\/product\/insize-isv-vp280-boru-videoskop\/","title":{"rendered":"Insize ISV-VP280 Boru Videoskop"},"content":{"rendered":"<p>ISV-VP280 BORU V\u0130DEOSKOP<br \/>\nBoru i\u00e7lerindeki g\u00f6zle g\u00f6r\u00fclemeyen t\u00fcm noktalar\u0131n hasar vb. tespitlerini g\u00f6r\u00fcnt\u00fcleyen bir cihazd\u0131r.Foto\u011fraf ve video \u00e7ekebilme,tv&#8217;ye g\u00f6r\u00fcnt\u00fc verme \u00f6zelli\u011fine sahiptir.Sanayi,otomotiv,end\u00fcstri gibi yerlerde kullan\u0131labilir.<\/p>\n<p><iframe loading=\"lazy\" src=\"https:\/\/www.youtube.com\/embed\/116VXsghxOc\" width=\"560\" height=\"315\" frameborder=\"0\" allowfullscreen=\"allowfullscreen\"><\/iframe><\/p>\n<p>&nbsp;<\/p>\n<p><img loading=\"lazy\" decoding=\"async\" class=\"alignleft wp-image-9321 size-full\" src=\"https:\/\/denizmtl.com\/wp-content\/uploads\/2019\/03\/VIDEOSKOP.png\" alt=\"\" width=\"683\" height=\"445\" title=\"\"><\/p>","protected":false},"excerpt":{"rendered":"<ul>\n<li>Lensli ayarlanabilir Led ayd\u0131nlatma<\/li>\n<li>Resim ve video \u00e7ekebilme<\/li>\n<li>Dikey ve yatay kullan\u0131m<\/li>\n<li><a href=\"https:\/\/denizmtl.com\/wp-content\/uploads\/2022\/01\/ISV-VP280-BORU-VIDEOSKOP.pdf\"><strong>Pdf i\u00e7in t\u0131klay\u0131n\u0131z.<\/strong><\/a><\/li>\n<li><a href=\"https:\/\/insize.com.tr\/wp-content\/uploads\/2026\/03\/ISV-J-E-V0.pdf\"><strong>Kullan\u0131m K\u0131lavuzu<\/strong><\/a><\/li>\n<\/ul>","protected":false},"featured_media":3114,"comment_status":"open","ping_status":"closed","template":"","meta":{"inline_featured_image":false},"product_brand":[],"product_cat":[33],"product_tag":[],"class_list":{"0":"post-3084","1":"product","2":"type-product","3":"status-publish","4":"has-post-thumbnail","6":"product_cat-videoskoplar-sabit-boroskoplar","8":"first","9":"instock","10":"shipping-taxable","11":"purchasable","12":"product-type-simple"},"_links":{"self":[{"href":"https:\/\/insize.com.tr\/en\/wp-json\/wp\/v2\/product\/3084","targetHints":{"allow":["GET"]}}],"collection":[{"href":"https:\/\/insize.com.tr\/en\/wp-json\/wp\/v2\/product"}],"about":[{"href":"https:\/\/insize.com.tr\/en\/wp-json\/wp\/v2\/types\/product"}],"replies":[{"embeddable":true,"href":"https:\/\/insize.com.tr\/en\/wp-json\/wp\/v2\/comments?post=3084"}],"wp:featuredmedia":[{"embeddable":true,"href":"https:\/\/insize.com.tr\/en\/wp-json\/wp\/v2\/media\/3114"}],"wp:attachment":[{"href":"https:\/\/insize.com.tr\/en\/wp-json\/wp\/v2\/media?parent=3084"}],"wp:term":[{"taxonomy":"product_brand","embeddable":true,"href":"https:\/\/insize.com.tr\/en\/wp-json\/wp\/v2\/product_brand?post=3084"},{"taxonomy":"product_cat","embeddable":true,"href":"https:\/\/insize.com.tr\/en\/wp-json\/wp\/v2\/product_cat?post=3084"},{"taxonomy":"product_tag","embeddable":true,"href":"https:\/\/insize.com.tr\/en\/wp-json\/wp\/v2\/product_tag?post=3084"}],"curies":[{"name":"wp","href":"https:\/\/api.w.org\/{rel}","templated":true}]}}