{"id":3086,"date":"2022-10-08T16:50:44","date_gmt":"2022-10-08T13:50:44","guid":{"rendered":"https:\/\/insize.com.tr\/?post_type=product&#038;p=3086"},"modified":"2026-03-04T14:38:15","modified_gmt":"2026-03-04T11:38:15","slug":"insize-isr-c300-yuzey-puruzluluk-olcme-ayarlanabilir-model","status":"publish","type":"product","link":"https:\/\/insize.com.tr\/en\/product\/insize-isr-c300-yuzey-puruzluluk-olcme-ayarlanabilir-model\/","title":{"rendered":"Insize ISR-C300\/C301\/C300WL  Y\u00fczey P\u00fcr\u00fczl\u00fcl\u00fck \u00d6l\u00e7me (Ayarlanabilir Model)"},"content":{"rendered":"<p><strong>Insize ISR-C300 Y\u00fczey P\u00fcr\u00fczl\u00fcl\u00fck \u00d6l\u00e7\u00fcm Cihaz\u0131<\/strong><\/p>\n<ul>\n<li>Bluetooth ba\u011flant\u0131s\u0131 ile\u00a0 telefona ba\u011flanabilir, \u00f6l\u00e7\u00fcm ve rapor al\u0131nabilir.(Android telefonlar)<\/li>\n<li>USB kablo ile bilgisayara veri aktar\u0131m\u0131 yap\u0131labilir, veriler excele aktar\u0131labilir, cihaz \u00fczerinden yap\u0131lan t\u00fcm parametre ayarlar\u0131 bilgisayar \u00fczerinden de yap\u0131labilir ve \u00f6l\u00e7\u00fcm al\u0131nabilir.<\/li>\n<li>Mihengire ba\u011flanabilir<\/li>\n<li>Prob s\u00fcr\u00fcc\u00fc k\u0131sm\u0131 iste\u011fe ve i\u015f par\u00e7as\u0131na ba\u011fl\u0131 olarak cihaza monte yada demonte kullan\u0131labilir, dahili stand ile \u00f6l\u00e7\u00fcm kolayl\u0131\u011f\u0131 sa\u011flar<\/li>\n<li>Opsiyonel Bluetooth yaz\u0131c\u0131 ile \u00f6l\u00e7\u00fcm sonu\u00e7lar\u0131 h\u0131zl\u0131 rapor al\u0131nabilir<\/li>\n<li>Opsiyonel prob se\u00e7nekleri ile \u00f6zel i\u015f par\u00e7alar\u0131nda kulan\u0131ma uygundur<\/li>\n<li>P\u00fcr\u00fczl\u00fcl\u00fck profili kontrol edilebilir ve Rmr analizi yapabilir<\/li>\n<li>Lityum batarya\u00a0 \u015farj edilebilir ,50 saat ve \u00fczeri \u00e7al\u0131\u015fma s\u00fcresi sa\u011flamaktad\u0131r.<\/li>\n<li>Geni\u015f dokunmatik ekran ve basit kulan\u0131m ara y\u00fcz\u00fc sayesinde kulan\u0131m kolayl\u0131\u011f\u0131 sa\u011flar.<\/li>\n<li>Ra, Rz, Rq, Rv, Rp, Rs, R3z, R3y, Rt, Rc, Rz(JIS), Rk, Rku, Rsm, Rpc, Rpk, Rvk, Rsk, Mr1, Mr2, Ry, Rmax parametrelerinde \u00f6l\u00e7\u00fcm yap\u0131labilir.<\/li>\n<li>ISO, DIN, ANSI, JIS, standartlar\u0131na uygundur.<\/li>\n<\/ul>\n<p>[block id=&#8221;isr-c300&#8243;]<\/p>\n<p>&nbsp;<\/p>\n","protected":false},"excerpt":{"rendered":"<ul>\n<li>Y\u00fczey p\u00fcr\u00fczl\u00fcl\u00fck \u00f6l\u00e7me cihaz\u0131 bilgisayar veya telefonda kullan\u0131labilir.<\/li>\n<li>Bluetooth veya kablo ile bilgisayar ba\u011flant\u0131s\u0131 kurularak,veriler Excelle aktar\u0131labilir.<\/li>\n<li>Bluetooth yaz\u0131c\u0131y\u0131 destekler.<\/li>\n<li>21 p\u00fcr\u00fczl\u00fcl\u00fck parametresi<\/li>\n<li>ISO,DIN,ANSI,JIS standartlar\u0131na uygundur.<\/li>\n<li>Maksimum 100 veri ve dalgaformu haf\u0131zas\u0131<\/li>\n<li>500 saat \u00fczeri \u00e7al\u0131\u015fabilen\u00a0 dahili lityum pil<\/li>\n<li>Otomatik kapanma<\/li>\n<li><a href=\"https:\/\/insize.com.tr\/wp-content\/uploads\/2026\/02\/ISR-C300-ISR-C301-ISR-C300WL.pdf\"><strong>Pdf i\u00e7in t\u0131klay\u0131n\u0131z.<\/strong><\/a><\/li>\n<li><a href=\"https:\/\/insize.com.tr\/wp-content\/uploads\/2026\/03\/ISR-C002-E-V6.pdf\"><strong>Kullan\u0131m K\u0131lavuzu<\/strong><\/a><\/li>\n<\/ul>\n<p>[block id=&#8221;isr-c300&#8243;]<\/p>\n","protected":false},"featured_media":7118,"comment_status":"open","ping_status":"closed","template":"","meta":{"inline_featured_image":false},"product_brand":[],"product_cat":[40,34,551],"product_tag":[],"class_list":{"0":"post-3086","1":"product","2":"type-product","3":"status-publish","4":"has-post-thumbnail","6":"product_cat-dairesellik-yuzey-profil-ve-puruzluluk-olcum","7":"product_cat-tasinabilir-cihazlar","8":"product_cat-test-cihazlari","10":"first","11":"instock","12":"featured","13":"shipping-taxable","14":"purchasable","15":"product-type-simple"},"_links":{"self":[{"href":"https:\/\/insize.com.tr\/en\/wp-json\/wp\/v2\/product\/3086","targetHints":{"allow":["GET"]}}],"collection":[{"href":"https:\/\/insize.com.tr\/en\/wp-json\/wp\/v2\/product"}],"about":[{"href":"https:\/\/insize.com.tr\/en\/wp-json\/wp\/v2\/types\/product"}],"replies":[{"embeddable":true,"href":"https:\/\/insize.com.tr\/en\/wp-json\/wp\/v2\/comments?post=3086"}],"wp:featuredmedia":[{"embeddable":true,"href":"https:\/\/insize.com.tr\/en\/wp-json\/wp\/v2\/media\/7118"}],"wp:attachment":[{"href":"https:\/\/insize.com.tr\/en\/wp-json\/wp\/v2\/media?parent=3086"}],"wp:term":[{"taxonomy":"product_brand","embeddable":true,"href":"https:\/\/insize.com.tr\/en\/wp-json\/wp\/v2\/product_brand?post=3086"},{"taxonomy":"product_cat","embeddable":true,"href":"https:\/\/insize.com.tr\/en\/wp-json\/wp\/v2\/product_cat?post=3086"},{"taxonomy":"product_tag","embeddable":true,"href":"https:\/\/insize.com.tr\/en\/wp-json\/wp\/v2\/product_tag?post=3086"}],"curies":[{"name":"wp","href":"https:\/\/api.w.org\/{rel}","templated":true}]}}