{"id":3093,"date":"2022-10-06T16:50:45","date_gmt":"2022-10-06T13:50:45","guid":{"rendered":"https:\/\/insize.com.tr\/?post_type=product&#038;p=3093"},"modified":"2026-04-20T16:50:15","modified_gmt":"2026-04-20T13:50:15","slug":"insize-4143-granit-paralel-mastar-set","status":"publish","type":"product","link":"https:\/\/insize.com.tr\/en\/product\/insize-4143-granit-paralel-mastar-set\/","title":{"rendered":"Insize 4143 Granit Paralel Mastar Set"},"content":{"rendered":"<p><img loading=\"lazy\" decoding=\"async\" class=\"alignnone wp-image-8265 size-full\" src=\"https:\/\/denizmtl.com\/wp-content\/uploads\/2019\/03\/4143-MASTAR-SET.png\" alt=\"\" width=\"697\" height=\"241\" title=\"\"><\/p>","protected":false},"excerpt":{"rendered":"<ul>\n<li>Granitten yap\u0131lm\u0131\u015ft\u0131r<\/li>\n<li>Serttir,b\u00fck\u00fclmez,a\u015f\u0131r\u0131 kullan\u0131mdan dolay\u0131 deforme olmaz.<\/li>\n<li>Set ba\u015f\u0131na iki paralel.<\/li>\n<li><a href=\"https:\/\/denizmtl.com\/wp-content\/uploads\/2022\/01\/4143-GRANIT-PARALEL-MASTAR-SET.pdf\"><strong>Pdf i\u00e7in t\u0131klay\u0131n\u0131z.<\/strong><\/a><\/li>\n<\/ul>","protected":false},"featured_media":3123,"comment_status":"open","ping_status":"closed","template":"","meta":{"inline_featured_image":false},"product_brand":[],"product_cat":[27,18],"product_tag":[],"class_list":{"0":"post-3093","1":"product","2":"type-product","3":"status-publish","4":"has-post-thumbnail","6":"product_cat-mastarlar","7":"product_cat-mengeneler","9":"first","10":"instock","11":"shipping-taxable","12":"purchasable","13":"product-type-simple"},"_links":{"self":[{"href":"https:\/\/insize.com.tr\/en\/wp-json\/wp\/v2\/product\/3093","targetHints":{"allow":["GET"]}}],"collection":[{"href":"https:\/\/insize.com.tr\/en\/wp-json\/wp\/v2\/product"}],"about":[{"href":"https:\/\/insize.com.tr\/en\/wp-json\/wp\/v2\/types\/product"}],"replies":[{"embeddable":true,"href":"https:\/\/insize.com.tr\/en\/wp-json\/wp\/v2\/comments?post=3093"}],"wp:featuredmedia":[{"embeddable":true,"href":"https:\/\/insize.com.tr\/en\/wp-json\/wp\/v2\/media\/3123"}],"wp:attachment":[{"href":"https:\/\/insize.com.tr\/en\/wp-json\/wp\/v2\/media?parent=3093"}],"wp:term":[{"taxonomy":"product_brand","embeddable":true,"href":"https:\/\/insize.com.tr\/en\/wp-json\/wp\/v2\/product_brand?post=3093"},{"taxonomy":"product_cat","embeddable":true,"href":"https:\/\/insize.com.tr\/en\/wp-json\/wp\/v2\/product_cat?post=3093"},{"taxonomy":"product_tag","embeddable":true,"href":"https:\/\/insize.com.tr\/en\/wp-json\/wp\/v2\/product_tag?post=3093"}],"curies":[{"name":"wp","href":"https:\/\/api.w.org\/{rel}","templated":true}]}}