{"id":3316,"date":"2022-10-06T16:51:08","date_gmt":"2022-10-06T13:51:08","guid":{"rendered":"https:\/\/insize.com.tr\/?post_type=product&#038;p=3316"},"modified":"2026-03-04T14:39:14","modified_gmt":"2026-03-04T11:39:14","slug":"insize-6533-paralel-mastar-seti","status":"publish","type":"product","link":"https:\/\/insize.com.tr\/en\/product\/insize-6533-paralel-mastar-seti\/","title":{"rendered":"Insize 6533 Paralel Mastar Seti"},"content":{"rendered":"<p><img loading=\"lazy\" decoding=\"async\" class=\"aligncenter wp-image-9264 size-full\" src=\"https:\/\/denizmtl.com\/wp-content\/uploads\/2019\/03\/MASTAR-SETI.png\" alt=\"\" width=\"703\" height=\"207\" title=\"\"><\/p>","protected":false},"excerpt":{"rendered":"<ul>\n<li>\u00dcst ve alt k\u0131s\u0131m aras\u0131 paralellik:5 \u00b5m<\/li>\n<li>E\u015flenik bir \u00e7ift \u00fcr\u00fcn\u00fcn y\u00fckseklik fark\u0131:5 \u00b5m<\/li>\n<li>Ala\u015f\u0131ml\u0131 \u00e7elikten yap\u0131lm\u0131\u015ft\u0131r.<\/li>\n<li>HRC55-61 e g\u00f6re sertle\u015ftirilmi\u015ftir.<\/li>\n<li><a href=\"https:\/\/denizmtl.com\/wp-content\/uploads\/2022\/01\/6533-PARALEL-MASTAR-SETI.pdf\"><strong>Pdf i\u00e7in t\u0131klay\u0131n\u0131z.<\/strong><\/a><\/li>\n<\/ul>","protected":false},"featured_media":3346,"comment_status":"open","ping_status":"closed","template":"","meta":{"inline_featured_image":false},"product_brand":[],"product_cat":[27,18],"product_tag":[],"class_list":{"0":"post-3316","1":"product","2":"type-product","3":"status-publish","4":"has-post-thumbnail","6":"product_cat-mastarlar","7":"product_cat-mengeneler","9":"first","10":"instock","11":"shipping-taxable","12":"purchasable","13":"product-type-variable"},"_links":{"self":[{"href":"https:\/\/insize.com.tr\/en\/wp-json\/wp\/v2\/product\/3316","targetHints":{"allow":["GET"]}}],"collection":[{"href":"https:\/\/insize.com.tr\/en\/wp-json\/wp\/v2\/product"}],"about":[{"href":"https:\/\/insize.com.tr\/en\/wp-json\/wp\/v2\/types\/product"}],"replies":[{"embeddable":true,"href":"https:\/\/insize.com.tr\/en\/wp-json\/wp\/v2\/comments?post=3316"}],"wp:featuredmedia":[{"embeddable":true,"href":"https:\/\/insize.com.tr\/en\/wp-json\/wp\/v2\/media\/3346"}],"wp:attachment":[{"href":"https:\/\/insize.com.tr\/en\/wp-json\/wp\/v2\/media?parent=3316"}],"wp:term":[{"taxonomy":"product_brand","embeddable":true,"href":"https:\/\/insize.com.tr\/en\/wp-json\/wp\/v2\/product_brand?post=3316"},{"taxonomy":"product_cat","embeddable":true,"href":"https:\/\/insize.com.tr\/en\/wp-json\/wp\/v2\/product_cat?post=3316"},{"taxonomy":"product_tag","embeddable":true,"href":"https:\/\/insize.com.tr\/en\/wp-json\/wp\/v2\/product_tag?post=3316"}],"curies":[{"name":"wp","href":"https:\/\/api.w.org\/{rel}","templated":true}]}}