{"id":3320,"date":"2022-10-06T16:51:08","date_gmt":"2022-10-06T13:51:08","guid":{"rendered":"https:\/\/insize.com.tr\/?post_type=product&#038;p=3320"},"modified":"2026-04-20T16:50:24","modified_gmt":"2026-04-20T13:50:24","slug":"insize-8202-elektronik-kantar","status":"publish","type":"product","link":"https:\/\/insize.com.tr\/en\/product\/insize-8202-elektronik-kantar\/","title":{"rendered":"Insize 8202 Elektronik Kantar"},"content":{"rendered":"<p><img loading=\"lazy\" decoding=\"async\" class=\"alignnone size-full wp-image-11354\" src=\"https:\/\/denizmtl.com\/wp-content\/uploads\/2019\/05\/8202....png\" alt=\"\" width=\"886\" height=\"568\" title=\"\"><\/p>","protected":false},"excerpt":{"rendered":"<ul>\n<li>Led ekran,uzaktan kumanda<\/li>\n<li>Birim:kg,lb<\/li>\n<li>D\u00fc\u015f\u00fck voltaj g\u00f6stergesi<\/li>\n<li>Fazla y\u00fck alarm\u0131<\/li>\n<li>Otomatik kapanma<\/li>\n<li>360 derece d\u00f6ner kanca ve sap\u0131<\/li>\n<li><a href=\"https:\/\/insize.com.tr\/wp-content\/uploads\/2026\/02\/8202.pdf\"><strong>Pdf i\u00e7in t\u0131klay\u0131n\u0131z.<\/strong><\/a><\/li>\n<li><strong>Fiyat ve stok bilgisi i\u00e7in ileti\u015fime ge\u00e7iniz.<\/strong><\/li>\n<li><a href=\"https:\/\/insize.com.tr\/wp-content\/uploads\/2026\/03\/8202-E-V0.pdf\"><strong>Kullan\u0131m K\u0131lavuzu<\/strong><\/a><\/li>\n<\/ul>","protected":false},"featured_media":3350,"comment_status":"open","ping_status":"closed","template":"","meta":{"inline_featured_image":false},"product_brand":[],"product_cat":[20],"product_tag":[],"class_list":{"0":"post-3320","1":"product","2":"type-product","3":"status-publish","4":"has-post-thumbnail","6":"product_cat-teraziler","8":"first","9":"instock","10":"shipping-taxable","11":"purchasable","12":"product-type-simple"},"_links":{"self":[{"href":"https:\/\/insize.com.tr\/en\/wp-json\/wp\/v2\/product\/3320","targetHints":{"allow":["GET"]}}],"collection":[{"href":"https:\/\/insize.com.tr\/en\/wp-json\/wp\/v2\/product"}],"about":[{"href":"https:\/\/insize.com.tr\/en\/wp-json\/wp\/v2\/types\/product"}],"replies":[{"embeddable":true,"href":"https:\/\/insize.com.tr\/en\/wp-json\/wp\/v2\/comments?post=3320"}],"wp:featuredmedia":[{"embeddable":true,"href":"https:\/\/insize.com.tr\/en\/wp-json\/wp\/v2\/media\/3350"}],"wp:attachment":[{"href":"https:\/\/insize.com.tr\/en\/wp-json\/wp\/v2\/media?parent=3320"}],"wp:term":[{"taxonomy":"product_brand","embeddable":true,"href":"https:\/\/insize.com.tr\/en\/wp-json\/wp\/v2\/product_brand?post=3320"},{"taxonomy":"product_cat","embeddable":true,"href":"https:\/\/insize.com.tr\/en\/wp-json\/wp\/v2\/product_cat?post=3320"},{"taxonomy":"product_tag","embeddable":true,"href":"https:\/\/insize.com.tr\/en\/wp-json\/wp\/v2\/product_tag?post=3320"}],"curies":[{"name":"wp","href":"https:\/\/api.w.org\/{rel}","templated":true}]}}