{"id":3322,"date":"2022-10-13T16:51:08","date_gmt":"2022-10-13T13:51:08","guid":{"rendered":"https:\/\/insize.com.tr\/?post_type=product&#038;p=3322"},"modified":"2026-04-20T16:50:24","modified_gmt":"2026-04-20T13:50:24","slug":"insize-isv-ms-yuksek-cozunurluklu-360-doner-videoskop","status":"publish","type":"product","link":"https:\/\/insize.com.tr\/en\/product\/insize-isv-ms-yuksek-cozunurluklu-360-doner-videoskop\/","title":{"rendered":"Insize ISV-MS Y\u00fcksek \u00c7\u00f6z\u00fcn\u00fcrl\u00fckl\u00fc 360\u00b0 D\u00f6ner Videoskop"},"content":{"rendered":"<p><img loading=\"lazy\" decoding=\"async\" class=\"alignnone size-full wp-image-11446\" src=\"https:\/\/denizmtl.com\/wp-content\/uploads\/2019\/06\/ISV-MSU.png\" alt=\"\" width=\"710\" height=\"440\" title=\"\"><\/p>","protected":false},"excerpt":{"rendered":"<ul>\n<li><a href=\"https:\/\/denizmtl.com\/wp-content\/uploads\/2019\/06\/ISV-MS726.pdf\"><strong>Pdf i\u00e7in t\u0131klay\u0131n\u0131z.<\/strong><\/a><\/li>\n<li><span style=\"font-size: 110%;\"><strong>Fiyat ve stok i\u00e7in ileti\u015fime ge\u00e7iniz.<\/strong><\/span><\/li>\n<li><a href=\"https:\/\/insize.com.tr\/wp-content\/uploads\/2026\/03\/ISV-J-E-V0.pdf\"><strong>Kullan\u0131m K\u0131lavuzu<\/strong><\/a><\/li>\n<\/ul>","protected":false},"featured_media":3352,"comment_status":"open","ping_status":"closed","template":"","meta":{"inline_featured_image":false},"product_brand":[],"product_cat":[551,33],"product_tag":[],"class_list":{"0":"post-3322","1":"product","2":"type-product","3":"status-publish","4":"has-post-thumbnail","6":"product_cat-test-cihazlari","7":"product_cat-videoskoplar-sabit-boroskoplar","9":"first","10":"instock","11":"shipping-taxable","12":"purchasable","13":"product-type-simple"},"_links":{"self":[{"href":"https:\/\/insize.com.tr\/en\/wp-json\/wp\/v2\/product\/3322","targetHints":{"allow":["GET"]}}],"collection":[{"href":"https:\/\/insize.com.tr\/en\/wp-json\/wp\/v2\/product"}],"about":[{"href":"https:\/\/insize.com.tr\/en\/wp-json\/wp\/v2\/types\/product"}],"replies":[{"embeddable":true,"href":"https:\/\/insize.com.tr\/en\/wp-json\/wp\/v2\/comments?post=3322"}],"wp:featuredmedia":[{"embeddable":true,"href":"https:\/\/insize.com.tr\/en\/wp-json\/wp\/v2\/media\/3352"}],"wp:attachment":[{"href":"https:\/\/insize.com.tr\/en\/wp-json\/wp\/v2\/media?parent=3322"}],"wp:term":[{"taxonomy":"product_brand","embeddable":true,"href":"https:\/\/insize.com.tr\/en\/wp-json\/wp\/v2\/product_brand?post=3322"},{"taxonomy":"product_cat","embeddable":true,"href":"https:\/\/insize.com.tr\/en\/wp-json\/wp\/v2\/product_cat?post=3322"},{"taxonomy":"product_tag","embeddable":true,"href":"https:\/\/insize.com.tr\/en\/wp-json\/wp\/v2\/product_tag?post=3322"}],"curies":[{"name":"wp","href":"https:\/\/api.w.org\/{rel}","templated":true}]}}