{"id":3329,"date":"2022-10-06T16:51:08","date_gmt":"2022-10-06T13:51:08","guid":{"rendered":"https:\/\/insize.com.tr\/?post_type=product&#038;p=3329"},"modified":"2026-04-20T16:50:27","modified_gmt":"2026-04-20T13:50:27","slug":"insize-4918-aluminyum-su-terazisi","status":"publish","type":"product","link":"https:\/\/insize.com.tr\/en\/product\/insize-4918-aluminyum-su-terazisi\/","title":{"rendered":"Insize 4918 Al\u00fcminyum Su Terazisi"},"content":{"rendered":"<p><img loading=\"lazy\" decoding=\"async\" class=\"wp-image-8764 aligncenter\" src=\"https:\/\/denizmtl.com\/\/wp-content\/uploads\/2019\/08\/4918-300x159.png\" alt=\"\" width=\"675\" height=\"358\" title=\"\"><\/p>","protected":false},"excerpt":{"rendered":"<ul>\n<li>Manyatik taban<\/li>\n<li>\u00c7al\u0131\u015fma s\u0131cakl\u0131\u011f\u0131 -15\u00ba-55\u00ba<\/li>\n<li>Darbe ve UV \u0131\u015f\u0131klar\u0131na kar\u015f\u0131 koruma<\/li>\n<\/ul>","protected":false},"featured_media":3359,"comment_status":"open","ping_status":"closed","template":"","meta":{"inline_featured_image":false},"product_brand":[],"product_cat":[20],"product_tag":[],"class_list":{"0":"post-3329","1":"product","2":"type-product","3":"status-publish","4":"has-post-thumbnail","6":"product_cat-teraziler","8":"first","9":"instock","10":"shipping-taxable","11":"purchasable","12":"product-type-variable"},"_links":{"self":[{"href":"https:\/\/insize.com.tr\/en\/wp-json\/wp\/v2\/product\/3329","targetHints":{"allow":["GET"]}}],"collection":[{"href":"https:\/\/insize.com.tr\/en\/wp-json\/wp\/v2\/product"}],"about":[{"href":"https:\/\/insize.com.tr\/en\/wp-json\/wp\/v2\/types\/product"}],"replies":[{"embeddable":true,"href":"https:\/\/insize.com.tr\/en\/wp-json\/wp\/v2\/comments?post=3329"}],"wp:featuredmedia":[{"embeddable":true,"href":"https:\/\/insize.com.tr\/en\/wp-json\/wp\/v2\/media\/3359"}],"wp:attachment":[{"href":"https:\/\/insize.com.tr\/en\/wp-json\/wp\/v2\/media?parent=3329"}],"wp:term":[{"taxonomy":"product_brand","embeddable":true,"href":"https:\/\/insize.com.tr\/en\/wp-json\/wp\/v2\/product_brand?post=3329"},{"taxonomy":"product_cat","embeddable":true,"href":"https:\/\/insize.com.tr\/en\/wp-json\/wp\/v2\/product_cat?post=3329"},{"taxonomy":"product_tag","embeddable":true,"href":"https:\/\/insize.com.tr\/en\/wp-json\/wp\/v2\/product_tag?post=3329"}],"curies":[{"name":"wp","href":"https:\/\/api.w.org\/{rel}","templated":true}]}}