{"id":3331,"date":"2022-10-18T16:51:08","date_gmt":"2022-10-18T13:51:08","guid":{"rendered":"https:\/\/insize.com.tr\/?post_type=product&#038;p=3331"},"modified":"2026-04-21T10:41:38","modified_gmt":"2026-04-21T07:41:38","slug":"insize-vsp-201-cok-amacli-videoskop","status":"publish","type":"product","link":"https:\/\/insize.com.tr\/en\/product\/insize-vsp-201-cok-amacli-videoskop\/","title":{"rendered":"Insize VSP-201 \u00c7ok Ama\u00e7l\u0131 Videoskop"},"content":{"rendered":"<p><img loading=\"lazy\" decoding=\"async\" class=\"alignnone size-full wp-image-11463 aligncenter\" src=\"https:\/\/denizmtl.com\/wp-content\/uploads\/2019\/08\/VIDEOSKOP-1.png\" alt=\"\" width=\"725\" height=\"264\" title=\"\"><\/p>","protected":false},"excerpt":{"rendered":"<ul>\n<li>Resim ve Video alma<\/li>\n<li>JPG kalitesinde foto\u011fraf<\/li>\n<li>AVI kalitesinden video<\/li>\n<li>32 GB haf\u0131za<\/li>\n<li>\u015earj edilebilir batarya (4 saat dayan\u0131kl\u0131)<\/li>\n<li>TV ,USB ba\u011flant\u0131s\u0131<\/li>\n<li><a href=\"https:\/\/denizmtl.com\/wp-content\/uploads\/2019\/08\/VSP-201-VTG-DYOSKOP_cropped_0001-0001.pdf\"><strong>Pdf i\u00e7in t\u0131klay\u0131n\u0131z.<\/strong><\/a><\/li>\n<\/ul>","protected":false},"featured_media":3361,"comment_status":"open","ping_status":"closed","template":"","meta":{"inline_featured_image":false},"product_brand":[],"product_cat":[551,33],"product_tag":[],"class_list":{"0":"post-3331","1":"product","2":"type-product","3":"status-publish","4":"has-post-thumbnail","6":"product_cat-test-cihazlari","7":"product_cat-videoskoplar-sabit-boroskoplar","9":"first","10":"instock","11":"shipping-taxable","12":"purchasable","13":"product-type-variable"},"_links":{"self":[{"href":"https:\/\/insize.com.tr\/en\/wp-json\/wp\/v2\/product\/3331","targetHints":{"allow":["GET"]}}],"collection":[{"href":"https:\/\/insize.com.tr\/en\/wp-json\/wp\/v2\/product"}],"about":[{"href":"https:\/\/insize.com.tr\/en\/wp-json\/wp\/v2\/types\/product"}],"replies":[{"embeddable":true,"href":"https:\/\/insize.com.tr\/en\/wp-json\/wp\/v2\/comments?post=3331"}],"wp:featuredmedia":[{"embeddable":true,"href":"https:\/\/insize.com.tr\/en\/wp-json\/wp\/v2\/media\/3361"}],"wp:attachment":[{"href":"https:\/\/insize.com.tr\/en\/wp-json\/wp\/v2\/media?parent=3331"}],"wp:term":[{"taxonomy":"product_brand","embeddable":true,"href":"https:\/\/insize.com.tr\/en\/wp-json\/wp\/v2\/product_brand?post=3331"},{"taxonomy":"product_cat","embeddable":true,"href":"https:\/\/insize.com.tr\/en\/wp-json\/wp\/v2\/product_cat?post=3331"},{"taxonomy":"product_tag","embeddable":true,"href":"https:\/\/insize.com.tr\/en\/wp-json\/wp\/v2\/product_tag?post=3331"}],"curies":[{"name":"wp","href":"https:\/\/api.w.org\/{rel}","templated":true}]}}