{"id":3341,"date":"2022-10-21T16:51:09","date_gmt":"2022-10-21T13:51:09","guid":{"rendered":"https:\/\/insize.com.tr\/?post_type=product&#038;p=3341"},"modified":"2026-03-04T14:38:52","modified_gmt":"2026-03-04T11:38:52","slug":"insize-hdt-a410-sertlik-olcum-cihazi","status":"publish","type":"product","link":"https:\/\/insize.com.tr\/en\/product\/insize-hdt-a410-sertlik-olcum-cihazi\/","title":{"rendered":"Insize HDT-A410 Sertlik \u00d6l\u00e7\u00fcm Cihaz\u0131"},"content":{"rendered":"<p>&nbsp;<\/p>\n<div id=\"5411C9C5_E362_3B97_E59F_B7231BBF96D0\"><\/div>","protected":false},"excerpt":{"rendered":"<ul>\n<li>Otomatik Dijital Rockwell \/ Superficial<\/li>\n<li>Otomatik Test Kuvveti Y\u00fckleme ve Bo\u015faltma,<\/li>\n<li>Dokunmatik Ekran Kolay Kullan\u0131m,<\/li>\n<li>USB flash diski tak\u0131n sonu\u00e7lar\u0131 Excel\u00a0 olarak kaydedin,<\/li>\n<li>A\u011f\u0131rl\u0131k olmadan elektrik motoru ile kuvvet y\u00fckleme,<\/li>\n<li>D\u00fc\u015f\u00fck ve y\u00fcksek limit,<\/li>\n<li>Otomatik olarak HV ve HB\u2019 ye d\u00f6n\u00fc\u015f\u00fcr,<\/li>\n<li><a href=\"https:\/\/denizmtl.com\/wp-content\/uploads\/2022\/01\/HDT-A410.pdf\">Pdf i\u00e7in t\u0131klay\u0131n\u0131z<\/a><\/li>\n<\/ul>\n<p>&nbsp;<\/p>\n<div id=\"5411C9C5_E362_3B97_E59F_B7231BBF96D0\"><\/div>","protected":false},"featured_media":3371,"comment_status":"open","ping_status":"closed","template":"","meta":{"inline_featured_image":false},"product_brand":[],"product_cat":[32,551],"product_tag":[],"class_list":{"0":"post-3341","1":"product","2":"type-product","3":"status-publish","4":"has-post-thumbnail","6":"product_cat-sertlik-olcum-cihazlari","7":"product_cat-test-cihazlari","9":"first","10":"instock","11":"shipping-taxable","12":"purchasable","13":"product-type-simple"},"_links":{"self":[{"href":"https:\/\/insize.com.tr\/en\/wp-json\/wp\/v2\/product\/3341","targetHints":{"allow":["GET"]}}],"collection":[{"href":"https:\/\/insize.com.tr\/en\/wp-json\/wp\/v2\/product"}],"about":[{"href":"https:\/\/insize.com.tr\/en\/wp-json\/wp\/v2\/types\/product"}],"replies":[{"embeddable":true,"href":"https:\/\/insize.com.tr\/en\/wp-json\/wp\/v2\/comments?post=3341"}],"wp:featuredmedia":[{"embeddable":true,"href":"https:\/\/insize.com.tr\/en\/wp-json\/wp\/v2\/media\/3371"}],"wp:attachment":[{"href":"https:\/\/insize.com.tr\/en\/wp-json\/wp\/v2\/media?parent=3341"}],"wp:term":[{"taxonomy":"product_brand","embeddable":true,"href":"https:\/\/insize.com.tr\/en\/wp-json\/wp\/v2\/product_brand?post=3341"},{"taxonomy":"product_cat","embeddable":true,"href":"https:\/\/insize.com.tr\/en\/wp-json\/wp\/v2\/product_cat?post=3341"},{"taxonomy":"product_tag","embeddable":true,"href":"https:\/\/insize.com.tr\/en\/wp-json\/wp\/v2\/product_tag?post=3341"}],"curies":[{"name":"wp","href":"https:\/\/api.w.org\/{rel}","templated":true}]}}