{"id":3375,"date":"2022-10-06T16:51:15","date_gmt":"2022-10-06T13:51:15","guid":{"rendered":"https:\/\/insize.com.tr\/?post_type=product&#038;p=3375"},"modified":"2026-03-04T14:39:02","modified_gmt":"2026-03-04T11:39:02","slug":"insize-tlp-p340-gonye-test-cihazi-projektor-tip","status":"publish","type":"product","link":"https:\/\/insize.com.tr\/en\/product\/insize-tlp-p340-gonye-test-cihazi-projektor-tip\/","title":{"rendered":"Insize TLP-P340 G\u00f6nye Test Cihaz\u0131 (Projekt\u00f6r Tip)"},"content":{"rendered":"<p><img loading=\"lazy\" decoding=\"async\" class=\"alignnone size-full wp-image-11456 aligncenter\" src=\"https:\/\/denizmtl.com\/wp-content\/uploads\/2022\/01\/TLP-P340.png\" alt=\"\" width=\"701\" height=\"454\" title=\"\"><\/p>","protected":false},"excerpt":{"rendered":"<ul>\n<li>99 veri, kaydedilir ve yazd\u0131r\u0131l\u0131r<\/li>\n<li>\u00d6l\u00e7ekli projeksiyon ekran \u00d8120mm\n<p>(1\u00b0 hassas a\u00e7 \u00f6l\u00e7er, 0,2; 0,4; 0,8; 1,2; 1,5; 2; 2,5; \u0131<\/p>\n<p>3mm hassas yar \u00e7ap)<\/li>\n<li><a href=\"https:\/\/denizmtl.com\/wp-content\/uploads\/2022\/01\/TLP-340-GuNYE-TEST-C\u00a6-HAZI.pdf\"><strong>Pdf i\u00e7in t\u0131klay\u0131n\u0131z<\/strong><\/a><\/li>\n<\/ul>","protected":false},"featured_media":3407,"comment_status":"open","ping_status":"closed","template":"","meta":{"inline_featured_image":false},"product_brand":[],"product_cat":[31],"product_tag":[],"class_list":{"0":"post-3375","1":"product","2":"type-product","3":"status-publish","4":"has-post-thumbnail","6":"product_cat-goruntu-olcum-sistemleri","8":"first","9":"instock","10":"shipping-taxable","11":"purchasable","12":"product-type-simple"},"_links":{"self":[{"href":"https:\/\/insize.com.tr\/en\/wp-json\/wp\/v2\/product\/3375","targetHints":{"allow":["GET"]}}],"collection":[{"href":"https:\/\/insize.com.tr\/en\/wp-json\/wp\/v2\/product"}],"about":[{"href":"https:\/\/insize.com.tr\/en\/wp-json\/wp\/v2\/types\/product"}],"replies":[{"embeddable":true,"href":"https:\/\/insize.com.tr\/en\/wp-json\/wp\/v2\/comments?post=3375"}],"wp:featuredmedia":[{"embeddable":true,"href":"https:\/\/insize.com.tr\/en\/wp-json\/wp\/v2\/media\/3407"}],"wp:attachment":[{"href":"https:\/\/insize.com.tr\/en\/wp-json\/wp\/v2\/media?parent=3375"}],"wp:term":[{"taxonomy":"product_brand","embeddable":true,"href":"https:\/\/insize.com.tr\/en\/wp-json\/wp\/v2\/product_brand?post=3375"},{"taxonomy":"product_cat","embeddable":true,"href":"https:\/\/insize.com.tr\/en\/wp-json\/wp\/v2\/product_cat?post=3375"},{"taxonomy":"product_tag","embeddable":true,"href":"https:\/\/insize.com.tr\/en\/wp-json\/wp\/v2\/product_tag?post=3375"}],"curies":[{"name":"wp","href":"https:\/\/api.w.org\/{rel}","templated":true}]}}