{"id":3376,"date":"2022-10-06T16:51:15","date_gmt":"2022-10-06T13:51:15","guid":{"rendered":"https:\/\/insize.com.tr\/?post_type=product&#038;p=3376"},"modified":"2026-03-04T14:39:02","modified_gmt":"2026-03-04T11:39:02","slug":"insize-tlp-300h-gonye-test-cihazi-basit-model","status":"publish","type":"product","link":"https:\/\/insize.com.tr\/en\/product\/insize-tlp-300h-gonye-test-cihazi-basit-model\/","title":{"rendered":"Insize TLP-300H Tak\u0131m S\u0131f\u0131rlama Cihaz\u0131 (Basit Model)"},"content":{"rendered":"","protected":false},"excerpt":{"rendered":"<ul>\n<li>Dijital okuma,<\/li>\n<li>BT50 Mil tutucu<\/li>\n<li>Mutlak lineer \u00f6l\u00e7ekler, g\u00fc\u00e7 a\u00e7\u0131ld\u0131ktan ve kapat\u0131ld\u0131ktan sonra s\u0131f\u0131r ayar\u0131 gerekli de\u011fildir<\/li>\n<li><a href=\"https:\/\/insize.com.tr\/wp-content\/uploads\/2026\/02\/TLP-300H.pdf\"><strong>Pdf i\u00e7in t\u0131klay\u0131n\u0131z.<\/strong><\/a><\/li>\n<\/ul>","protected":false},"featured_media":3408,"comment_status":"open","ping_status":"closed","template":"","meta":{"inline_featured_image":false},"product_brand":[],"product_cat":[31],"product_tag":[],"class_list":{"0":"post-3376","1":"product","2":"type-product","3":"status-publish","4":"has-post-thumbnail","6":"product_cat-goruntu-olcum-sistemleri","8":"first","9":"instock","10":"shipping-taxable","11":"purchasable","12":"product-type-simple"},"_links":{"self":[{"href":"https:\/\/insize.com.tr\/en\/wp-json\/wp\/v2\/product\/3376","targetHints":{"allow":["GET"]}}],"collection":[{"href":"https:\/\/insize.com.tr\/en\/wp-json\/wp\/v2\/product"}],"about":[{"href":"https:\/\/insize.com.tr\/en\/wp-json\/wp\/v2\/types\/product"}],"replies":[{"embeddable":true,"href":"https:\/\/insize.com.tr\/en\/wp-json\/wp\/v2\/comments?post=3376"}],"wp:featuredmedia":[{"embeddable":true,"href":"https:\/\/insize.com.tr\/en\/wp-json\/wp\/v2\/media\/3408"}],"wp:attachment":[{"href":"https:\/\/insize.com.tr\/en\/wp-json\/wp\/v2\/media?parent=3376"}],"wp:term":[{"taxonomy":"product_brand","embeddable":true,"href":"https:\/\/insize.com.tr\/en\/wp-json\/wp\/v2\/product_brand?post=3376"},{"taxonomy":"product_cat","embeddable":true,"href":"https:\/\/insize.com.tr\/en\/wp-json\/wp\/v2\/product_cat?post=3376"},{"taxonomy":"product_tag","embeddable":true,"href":"https:\/\/insize.com.tr\/en\/wp-json\/wp\/v2\/product_tag?post=3376"}],"curies":[{"name":"wp","href":"https:\/\/api.w.org\/{rel}","templated":true}]}}