{"id":3381,"date":"2022-10-06T16:51:15","date_gmt":"2022-10-06T13:51:15","guid":{"rendered":"https:\/\/insize.com.tr\/?post_type=product&#038;p=3381"},"modified":"2026-03-04T14:39:06","modified_gmt":"2026-03-04T11:39:06","slug":"insize-5304-dl100-ekranli-dijital-mikroskop-2","status":"publish","type":"product","link":"https:\/\/insize.com.tr\/en\/product\/insize-5304-dl100-ekranli-dijital-mikroskop-2\/","title":{"rendered":"Insize 5304-DL100 Ekranl\u0131 Dijital Mikroskop"},"content":{"rendered":"<p style=\"text-align: left;\"><strong>5304-DL100 D\u0130J\u0130TAL EKRANLI M\u0130KROSKOP<\/strong><br \/>\nLCD ekran\u0131 sayesinde farkl\u0131 bir cihaza ba\u011flant\u0131 kurmadan \u00e7al\u0131\u015fma \u00f6zelli\u011fine sahiptir. G\u00f6r\u00fcnt\u00fcleme ama\u00e7l\u0131 olup elektrik,elektronik,kal\u0131p,makine,kalite kontrol,otomotiv vb. bir\u00e7ok alanda kullan\u0131ma uygundur.<\/p>\n<p><iframe loading=\"lazy\" title=\"YouTube video player\" src=\"https:\/\/www.youtube.com\/embed\/oNRB3alpSOU\" width=\"560\" height=\"315\" frameborder=\"0\" allowfullscreen=\"allowfullscreen\"><\/iframe><\/p>\n<p>&nbsp;<\/p>","protected":false},"excerpt":{"rendered":"<ul>\n<li>1080P y\u00fcksek \u00e7\u00f6z\u00fcn\u00fcrl\u00fckl\u00fc g\u00f6r\u00fcnt\u00fc<\/li>\n<li>Resim ve video \u00e7ekip haf\u0131za kart\u0131na kaydedebilir.<\/li>\n<li>Otomatik beyaz dengesi ve \u0131\u015f\u0131klama<\/li>\n<li>Parlakl\u0131k;kontras oran\u0131 ilerleme ayarlanabilir.<\/li>\n<li><a href=\"https:\/\/denizmtl.com\/wp-content\/uploads\/2022\/01\/5304-DL100-EKRANLI-DIJITAL-MIKROSKOP-EKONOMIK-MODEL-.pdf\"><strong>Pdf i\u00e7in t\u0131klay\u0131n\u0131z.<\/strong><\/a><\/li>\n<\/ul>","protected":false},"featured_media":3413,"comment_status":"open","ping_status":"closed","template":"","meta":{"inline_featured_image":false},"product_brand":[],"product_cat":[39,551],"product_tag":[],"class_list":{"0":"post-3381","1":"product","2":"type-product","3":"status-publish","4":"has-post-thumbnail","6":"product_cat-mikroskop-ve-buyutec","7":"product_cat-test-cihazlari","9":"first","10":"instock","11":"shipping-taxable","12":"purchasable","13":"product-type-simple"},"_links":{"self":[{"href":"https:\/\/insize.com.tr\/en\/wp-json\/wp\/v2\/product\/3381","targetHints":{"allow":["GET"]}}],"collection":[{"href":"https:\/\/insize.com.tr\/en\/wp-json\/wp\/v2\/product"}],"about":[{"href":"https:\/\/insize.com.tr\/en\/wp-json\/wp\/v2\/types\/product"}],"replies":[{"embeddable":true,"href":"https:\/\/insize.com.tr\/en\/wp-json\/wp\/v2\/comments?post=3381"}],"wp:featuredmedia":[{"embeddable":true,"href":"https:\/\/insize.com.tr\/en\/wp-json\/wp\/v2\/media\/3413"}],"wp:attachment":[{"href":"https:\/\/insize.com.tr\/en\/wp-json\/wp\/v2\/media?parent=3381"}],"wp:term":[{"taxonomy":"product_brand","embeddable":true,"href":"https:\/\/insize.com.tr\/en\/wp-json\/wp\/v2\/product_brand?post=3381"},{"taxonomy":"product_cat","embeddable":true,"href":"https:\/\/insize.com.tr\/en\/wp-json\/wp\/v2\/product_cat?post=3381"},{"taxonomy":"product_tag","embeddable":true,"href":"https:\/\/insize.com.tr\/en\/wp-json\/wp\/v2\/product_tag?post=3381"}],"curies":[{"name":"wp","href":"https:\/\/api.w.org\/{rel}","templated":true}]}}