{"id":3483,"date":"2022-10-22T16:51:25","date_gmt":"2022-10-22T13:51:25","guid":{"rendered":"https:\/\/insize.com.tr\/?post_type=product&#038;p=3483"},"modified":"2026-04-21T10:41:38","modified_gmt":"2026-04-21T07:41:38","slug":"insize-isv-y-videoskop-masa-tipi","status":"publish","type":"product","link":"https:\/\/insize.com.tr\/en\/product\/insize-isv-y-videoskop-masa-tipi\/","title":{"rendered":"Insize ISV-Y Videoskop (Masa Tipi)"},"content":{"rendered":"<p><strong>Insize ISV-Y Videoskop (Masa Tipi)<\/strong><\/p>\n<p>\u00c7ok k\u00fc\u00e7\u00fck \u00e7aplarda ve g\u00f6z ile kontrol yap\u0131lamayan alanlarda g\u00f6r\u00fcnt\u00fcleme ye muayene i\u00e7in kullan\u0131lmaktad\u0131r.<\/p>\n<p>Dokunmatik 10 inc ekran ve stand ile gelmektedir ergonomik kulan\u0131m yap\u0131s\u0131na sahiptir.<\/p>\n<p>1X-2X-3X-4X Dijital zoom yap\u0131labilir.<\/p>\n<p>Opsiyonel prob ve lens se\u00e7enekleri ile farkl\u0131 i\u015f par\u00e7alar\u0131nda g\u00f6r\u00fcnt\u00fcleme yap\u0131labilir.<\/p>","protected":false},"excerpt":{"rendered":"<ul>\n<li>10&#8243; HD dokunmatik ekran,<\/li>\n<li>Video ve resim alma,<\/li>\n<li>Resim JPG, video Mp4<\/li>\n<li>Dahili sabit disk veya Usb flash diske kay\u0131t,<\/li>\n<li>AC\/DC Adapt\u00f6r<\/li>\n<li><a href=\"https:\/\/insize.com.tr\/wp-content\/uploads\/2026\/02\/ISV-Y.pdf\"><strong>Pdf i\u00e7in T\u0131klay\u0131n\u0131z.<\/strong><\/a><\/li>\n<li><a href=\"https:\/\/insize.com.tr\/wp-content\/uploads\/2026\/03\/ISV-J-E-V0.pdf\"><strong>Kullan\u0131m K\u0131lavuzu<\/strong><\/a><\/li>\n<\/ul>","protected":false},"featured_media":3504,"comment_status":"open","ping_status":"closed","template":"","meta":{"inline_featured_image":false},"product_brand":[],"product_cat":[551,33],"product_tag":[],"class_list":{"0":"post-3483","1":"product","2":"type-product","3":"status-publish","4":"has-post-thumbnail","6":"product_cat-test-cihazlari","7":"product_cat-videoskoplar-sabit-boroskoplar","9":"first","10":"instock","11":"shipping-taxable","12":"purchasable","13":"product-type-simple"},"_links":{"self":[{"href":"https:\/\/insize.com.tr\/en\/wp-json\/wp\/v2\/product\/3483","targetHints":{"allow":["GET"]}}],"collection":[{"href":"https:\/\/insize.com.tr\/en\/wp-json\/wp\/v2\/product"}],"about":[{"href":"https:\/\/insize.com.tr\/en\/wp-json\/wp\/v2\/types\/product"}],"replies":[{"embeddable":true,"href":"https:\/\/insize.com.tr\/en\/wp-json\/wp\/v2\/comments?post=3483"}],"wp:featuredmedia":[{"embeddable":true,"href":"https:\/\/insize.com.tr\/en\/wp-json\/wp\/v2\/media\/3504"}],"wp:attachment":[{"href":"https:\/\/insize.com.tr\/en\/wp-json\/wp\/v2\/media?parent=3483"}],"wp:term":[{"taxonomy":"product_brand","embeddable":true,"href":"https:\/\/insize.com.tr\/en\/wp-json\/wp\/v2\/product_brand?post=3483"},{"taxonomy":"product_cat","embeddable":true,"href":"https:\/\/insize.com.tr\/en\/wp-json\/wp\/v2\/product_cat?post=3483"},{"taxonomy":"product_tag","embeddable":true,"href":"https:\/\/insize.com.tr\/en\/wp-json\/wp\/v2\/product_tag?post=3483"}],"curies":[{"name":"wp","href":"https:\/\/api.w.org\/{rel}","templated":true}]}}