{"id":3488,"date":"2022-10-27T16:51:25","date_gmt":"2022-10-27T13:51:25","guid":{"rendered":"https:\/\/insize.com.tr\/?post_type=product&#038;p=3488"},"modified":"2026-04-21T16:25:14","modified_gmt":"2026-04-21T13:25:14","slug":"insize-isv-e30-videoskop-ekonomik-tip","status":"publish","type":"product","link":"https:\/\/insize.com.tr\/en\/product\/insize-isv-e30-videoskop-ekonomik-tip\/","title":{"rendered":"Insize ISV-E30 Videoskop (Ekonomik Tip)"},"content":{"rendered":"<p><strong>Insize ISV-E30 Videoskop (Ekonomik Tip)<\/strong><\/p>\n<p>Elle ula\u015f\u0131lamayan g\u00f6zle g\u00f6r\u00fclmeyen t\u00fcm noktalar\u0131n hasar, ar\u0131za, s\u0131z\u0131n ve ka\u00e7ak tespitlerini g\u00f6r\u00fcnt\u00fcleyen bir cihazd\u0131r.<\/p>\n<p>Sanayi, tekstil, t\u0131p, matbaac\u0131l\u0131k, elektrik elektronik, otomotiv ve end\u00fcstri sanayi ba\u015fta olmak \u00fczere do\u011falgaz tanklar\u0131, buhar kazanlar\u0131, namlu par\u00e7alar\u0131\u00a0 gibi ula\u015f\u0131lmas\u0131 zor alanlarda g\u00f6rsel kontrol i\u00e7in kullan\u0131lmaktad\u0131r.<\/p>\n<p>Foto\u011fraf ve video \u00e7ekme \u00f6zelli\u011fine sahiptir.<\/p>","protected":false},"excerpt":{"rendered":"<ul>\n<li>Ekran parlakl\u0131k ayar\u0131,resim d\u00f6nd\u00fcrme<\/li>\n<li>Foto\u011fraf ve video \u00e7ekme<\/li>\n<li>Siyah\/beyaz mod zoom \u00f6zelli\u011fi<\/li>\n<li>Oynatma ve silme tu\u015flar\u0131<\/li>\n<li>Bellk kablosu 1 metre<\/li>\n<li><a href=\"https:\/\/insize.com.tr\/wp-content\/uploads\/2026\/02\/ISV-E30.pdf\"><strong>Pdf i\u00e7in t\u0131klay\u0131n\u0131z.<\/strong><\/a><\/li>\n<\/ul>","protected":false},"featured_media":3509,"comment_status":"open","ping_status":"closed","template":"","meta":{"inline_featured_image":false},"product_brand":[],"product_cat":[551,33],"product_tag":[],"class_list":{"0":"post-3488","1":"product","2":"type-product","3":"status-publish","4":"has-post-thumbnail","6":"product_cat-test-cihazlari","7":"product_cat-videoskoplar-sabit-boroskoplar","9":"first","10":"instock","11":"shipping-taxable","12":"purchasable","13":"product-type-simple"},"_links":{"self":[{"href":"https:\/\/insize.com.tr\/en\/wp-json\/wp\/v2\/product\/3488","targetHints":{"allow":["GET"]}}],"collection":[{"href":"https:\/\/insize.com.tr\/en\/wp-json\/wp\/v2\/product"}],"about":[{"href":"https:\/\/insize.com.tr\/en\/wp-json\/wp\/v2\/types\/product"}],"replies":[{"embeddable":true,"href":"https:\/\/insize.com.tr\/en\/wp-json\/wp\/v2\/comments?post=3488"}],"wp:featuredmedia":[{"embeddable":true,"href":"https:\/\/insize.com.tr\/en\/wp-json\/wp\/v2\/media\/3509"}],"wp:attachment":[{"href":"https:\/\/insize.com.tr\/en\/wp-json\/wp\/v2\/media?parent=3488"}],"wp:term":[{"taxonomy":"product_brand","embeddable":true,"href":"https:\/\/insize.com.tr\/en\/wp-json\/wp\/v2\/product_brand?post=3488"},{"taxonomy":"product_cat","embeddable":true,"href":"https:\/\/insize.com.tr\/en\/wp-json\/wp\/v2\/product_cat?post=3488"},{"taxonomy":"product_tag","embeddable":true,"href":"https:\/\/insize.com.tr\/en\/wp-json\/wp\/v2\/product_tag?post=3488"}],"curies":[{"name":"wp","href":"https:\/\/api.w.org\/{rel}","templated":true}]}}