{"id":3540,"date":"2022-10-06T16:51:29","date_gmt":"2022-10-06T13:51:29","guid":{"rendered":"https:\/\/insize.com.tr\/?post_type=product&#038;p=3540"},"modified":"2026-03-04T14:39:32","modified_gmt":"2026-03-04T11:39:32","slug":"insize-1155-dijital-yuksek-hassasiyetli-yukseklik-mastarlari","status":"publish","type":"product","link":"https:\/\/insize.com.tr\/en\/product\/insize-1155-dijital-yuksek-hassasiyetli-yukseklik-mastarlari\/","title":{"rendered":"Insize 1155 Dijital Y\u00fcksek Hassasiyetli Y\u00fckseklik Mastarlar\u0131"},"content":{"rendered":"","protected":false},"excerpt":{"rendered":"<ul>\n<li>Y\u00fcksek istikrar, y\u00fcksek hassasiyet, y\u00fcksek tepki h\u0131z\u0131 (5000mm\/s)<\/li>\n<li>Y\u00fcksek parlakl\u0131kta LED ekran<\/li>\n<li>Seramik taban d\u00fczl\u00fc\u011f\u00fc : 1\u00b5m<\/li>\n<li><a href=\"https:\/\/insize.com.tr\/wp-content\/uploads\/2022\/08\/1155.pdf\">Pdf i\u00e7in t\u0131klay\u0131n\u0131z\u00a0<\/a><\/li>\n<li><a href=\"https:\/\/insize.com.tr\/wp-content\/uploads\/2026\/03\/1155-E-V2.pdf\"><strong>Kullan\u0131m K\u0131lavuzu<\/strong><\/a><\/li>\n<\/ul>","protected":false},"featured_media":3570,"comment_status":"open","ping_status":"closed","template":"","meta":{"inline_featured_image":false},"product_brand":[],"product_cat":[27,30],"product_tag":[],"class_list":{"0":"post-3540","1":"product","2":"type-product","3":"status-publish","4":"has-post-thumbnail","6":"product_cat-mastarlar","7":"product_cat-mihengirler","9":"first","10":"instock","11":"shipping-taxable","12":"purchasable","13":"product-type-simple"},"_links":{"self":[{"href":"https:\/\/insize.com.tr\/en\/wp-json\/wp\/v2\/product\/3540","targetHints":{"allow":["GET"]}}],"collection":[{"href":"https:\/\/insize.com.tr\/en\/wp-json\/wp\/v2\/product"}],"about":[{"href":"https:\/\/insize.com.tr\/en\/wp-json\/wp\/v2\/types\/product"}],"replies":[{"embeddable":true,"href":"https:\/\/insize.com.tr\/en\/wp-json\/wp\/v2\/comments?post=3540"}],"wp:featuredmedia":[{"embeddable":true,"href":"https:\/\/insize.com.tr\/en\/wp-json\/wp\/v2\/media\/3570"}],"wp:attachment":[{"href":"https:\/\/insize.com.tr\/en\/wp-json\/wp\/v2\/media?parent=3540"}],"wp:term":[{"taxonomy":"product_brand","embeddable":true,"href":"https:\/\/insize.com.tr\/en\/wp-json\/wp\/v2\/product_brand?post=3540"},{"taxonomy":"product_cat","embeddable":true,"href":"https:\/\/insize.com.tr\/en\/wp-json\/wp\/v2\/product_cat?post=3540"},{"taxonomy":"product_tag","embeddable":true,"href":"https:\/\/insize.com.tr\/en\/wp-json\/wp\/v2\/product_tag?post=3540"}],"curies":[{"name":"wp","href":"https:\/\/api.w.org\/{rel}","templated":true}]}}