{"id":3545,"date":"2022-10-06T16:51:30","date_gmt":"2022-10-06T13:51:30","guid":{"rendered":"https:\/\/insize.com.tr\/?post_type=product&#038;p=3545"},"modified":"2026-04-20T16:50:29","modified_gmt":"2026-04-20T13:50:29","slug":"insize-3661-yuksek-hassasiyetli-dijital-mikrometre","status":"publish","type":"product","link":"https:\/\/insize.com.tr\/en\/product\/insize-3661-yuksek-hassasiyetli-dijital-mikrometre\/","title":{"rendered":"Insize 3661 Y\u00fcksek Hassasiyetli Dijital Mikrometre"},"content":{"rendered":"","protected":false},"excerpt":{"rendered":"<ul>\n<li>\u00c7\u00f6z\u00fcn\u00fcrl\u00fck: 0,01mm\/0,0005\u2033; 0,001mm\/0,00005\u2033; 0,0005mm\/0,00002\u2033<\/li>\n<li>Tekrarlanabilirlik: 0,5\u03bcm<\/li>\n<li>\u00d6l\u00e7me kuvveti: 5-10N<\/li>\n<li>\u00d6l\u00e7me y\u00fczeylerinin d\u00fczl\u00fc\u011f\u00fc: 0,3\u03bcm<\/li>\n<li>\u00d6l\u00e7me y\u00fczeylerinin paralelli\u011fi: 0,5\u03bcm<\/li>\n<li>C\u0131rc\u0131rl\u0131<\/li>\n<li>Sabit mil, silindirler i\u00e7in uygundur<\/li>\n<li>H\u0131zl\u0131 \u00f6l\u00e7\u00fcm i\u00e7in bir tam tur \u00e7evrildi\u011finde 2mm hareket eder<\/li>\n<li>Karb\u00fcr a\u011f\u0131zl\u0131 \u00f6l\u00e7\u00fcm u\u00e7lar\u0131<\/li>\n<li>Bilgi \u00e7\u0131k\u0131\u015f\u0131<\/li>\n<li>Tu\u015flar: mm\/in\u00e7, max,\/min, De\u011fer izleme, de\u011fer ayar\u0131, bekleme, a\u00e7\/kapa, s\u0131f\u0131rlama<\/li>\n<li>CR2032 pil<\/li>\n<li>Otomatik kapanma ve mili \u00e7evirerek a\u00e7ma<\/li>\n<li>Opsiyonel aksesuarlar: s\u0131f\u0131rlama mastarlar\u0131 (kod 7386), veri \u00e7\u0131k\u0131\u015f kablosu (kod 7315-80, 7302-80)<\/li>\n<li><a href=\"https:\/\/insize.com.tr\/wp-content\/uploads\/2022\/08\/3661.pdf\">Pdf i\u00e7in t\u0131klay\u0131n\u0131z.<\/a><\/li>\n<li><a href=\"https:\/\/insize.com.tr\/wp-content\/uploads\/2026\/03\/3661-E-V2.pdf\"><strong>Kullan\u0131m K\u0131lavuzu<\/strong><\/a><\/li>\n<\/ul>","protected":false},"featured_media":3575,"comment_status":"open","ping_status":"closed","template":"","meta":{"inline_featured_image":false},"product_brand":[],"product_cat":[36],"product_tag":[],"class_list":{"0":"post-3545","1":"product","2":"type-product","3":"status-publish","4":"has-post-thumbnail","6":"product_cat-mikrometreler","8":"first","9":"instock","10":"shipping-taxable","11":"purchasable","12":"product-type-simple"},"_links":{"self":[{"href":"https:\/\/insize.com.tr\/en\/wp-json\/wp\/v2\/product\/3545","targetHints":{"allow":["GET"]}}],"collection":[{"href":"https:\/\/insize.com.tr\/en\/wp-json\/wp\/v2\/product"}],"about":[{"href":"https:\/\/insize.com.tr\/en\/wp-json\/wp\/v2\/types\/product"}],"replies":[{"embeddable":true,"href":"https:\/\/insize.com.tr\/en\/wp-json\/wp\/v2\/comments?post=3545"}],"wp:featuredmedia":[{"embeddable":true,"href":"https:\/\/insize.com.tr\/en\/wp-json\/wp\/v2\/media\/3575"}],"wp:attachment":[{"href":"https:\/\/insize.com.tr\/en\/wp-json\/wp\/v2\/media?parent=3545"}],"wp:term":[{"taxonomy":"product_brand","embeddable":true,"href":"https:\/\/insize.com.tr\/en\/wp-json\/wp\/v2\/product_brand?post=3545"},{"taxonomy":"product_cat","embeddable":true,"href":"https:\/\/insize.com.tr\/en\/wp-json\/wp\/v2\/product_cat?post=3545"},{"taxonomy":"product_tag","embeddable":true,"href":"https:\/\/insize.com.tr\/en\/wp-json\/wp\/v2\/product_tag?post=3545"}],"curies":[{"name":"wp","href":"https:\/\/api.w.org\/{rel}","templated":true}]}}