{"id":3771,"date":"2022-10-06T16:51:49","date_gmt":"2022-10-06T13:51:49","guid":{"rendered":"https:\/\/insize.com.tr\/?post_type=product&#038;p=3771"},"modified":"2026-04-20T16:55:46","modified_gmt":"2026-04-20T13:55:46","slug":"insize-4710-silindir-gonye","status":"publish","type":"product","link":"https:\/\/insize.com.tr\/en\/product\/insize-4710-silindir-gonye\/","title":{"rendered":"Insize 4710 Silindir G\u00f6nye"},"content":{"rendered":"","protected":false},"excerpt":{"rendered":"<ul>\n<li>Kalayl\u0131 \u00e7elikten yap\u0131lm\u0131\u015ft\u0131r, sertlik HRC58~60<\/li>\n<li>Kol \u00e7\u0131kart\u0131labilir<\/li>\n<li><a href=\"https:\/\/insize.com.tr\/wp-content\/uploads\/2022\/08\/4710.pdf\">Pdf i\u00e7in t\u0131klay\u0131n\u0131z<\/a><\/li>\n<\/ul>","protected":false},"featured_media":3801,"comment_status":"open","ping_status":"closed","template":"","meta":{"inline_featured_image":false},"product_brand":[],"product_cat":[19],"product_tag":[],"class_list":{"0":"post-3771","1":"product","2":"type-product","3":"status-publish","4":"has-post-thumbnail","6":"product_cat-aci-olcer-ve-gonyeler","8":"first","9":"instock","10":"shipping-taxable","11":"purchasable","12":"product-type-simple"},"_links":{"self":[{"href":"https:\/\/insize.com.tr\/en\/wp-json\/wp\/v2\/product\/3771","targetHints":{"allow":["GET"]}}],"collection":[{"href":"https:\/\/insize.com.tr\/en\/wp-json\/wp\/v2\/product"}],"about":[{"href":"https:\/\/insize.com.tr\/en\/wp-json\/wp\/v2\/types\/product"}],"replies":[{"embeddable":true,"href":"https:\/\/insize.com.tr\/en\/wp-json\/wp\/v2\/comments?post=3771"}],"wp:featuredmedia":[{"embeddable":true,"href":"https:\/\/insize.com.tr\/en\/wp-json\/wp\/v2\/media\/3801"}],"wp:attachment":[{"href":"https:\/\/insize.com.tr\/en\/wp-json\/wp\/v2\/media?parent=3771"}],"wp:term":[{"taxonomy":"product_brand","embeddable":true,"href":"https:\/\/insize.com.tr\/en\/wp-json\/wp\/v2\/product_brand?post=3771"},{"taxonomy":"product_cat","embeddable":true,"href":"https:\/\/insize.com.tr\/en\/wp-json\/wp\/v2\/product_cat?post=3771"},{"taxonomy":"product_tag","embeddable":true,"href":"https:\/\/insize.com.tr\/en\/wp-json\/wp\/v2\/product_tag?post=3771"}],"curies":[{"name":"wp","href":"https:\/\/api.w.org\/{rel}","templated":true}]}}