{"id":3776,"date":"2022-10-06T16:51:49","date_gmt":"2022-10-06T13:51:49","guid":{"rendered":"https:\/\/insize.com.tr\/?post_type=product&#038;p=3776"},"modified":"2026-04-20T16:55:46","modified_gmt":"2026-04-20T13:55:46","slug":"insize-7118-genis-tabanli-hassas-kil-mastar","status":"publish","type":"product","link":"https:\/\/insize.com.tr\/en\/product\/insize-7118-genis-tabanli-hassas-kil-mastar\/","title":{"rendered":"Insize 7118 Geni\u015f Tabanl\u0131 Hassas K\u0131l Mastar"},"content":{"rendered":"","protected":false},"excerpt":{"rendered":"<ul>\n<li>D\u00fczl\u00fck kontrol edilir ve i\u015faretleme yap\u0131l\u0131r<\/li>\n<li>\u00c7elikten yap\u0131lm\u0131\u015ft\u0131r<\/li>\n<li>Pdf i\u00e7in t\u0131klay\u0131n\u0131z.<\/li>\n<\/ul>","protected":false},"featured_media":3806,"comment_status":"open","ping_status":"closed","template":"","meta":{"inline_featured_image":false},"product_brand":[],"product_cat":[19,27],"product_tag":[],"class_list":{"0":"post-3776","1":"product","2":"type-product","3":"status-publish","4":"has-post-thumbnail","6":"product_cat-aci-olcer-ve-gonyeler","7":"product_cat-mastarlar","9":"first","10":"instock","11":"shipping-taxable","12":"purchasable","13":"product-type-simple"},"_links":{"self":[{"href":"https:\/\/insize.com.tr\/en\/wp-json\/wp\/v2\/product\/3776","targetHints":{"allow":["GET"]}}],"collection":[{"href":"https:\/\/insize.com.tr\/en\/wp-json\/wp\/v2\/product"}],"about":[{"href":"https:\/\/insize.com.tr\/en\/wp-json\/wp\/v2\/types\/product"}],"replies":[{"embeddable":true,"href":"https:\/\/insize.com.tr\/en\/wp-json\/wp\/v2\/comments?post=3776"}],"wp:featuredmedia":[{"embeddable":true,"href":"https:\/\/insize.com.tr\/en\/wp-json\/wp\/v2\/media\/3806"}],"wp:attachment":[{"href":"https:\/\/insize.com.tr\/en\/wp-json\/wp\/v2\/media?parent=3776"}],"wp:term":[{"taxonomy":"product_brand","embeddable":true,"href":"https:\/\/insize.com.tr\/en\/wp-json\/wp\/v2\/product_brand?post=3776"},{"taxonomy":"product_cat","embeddable":true,"href":"https:\/\/insize.com.tr\/en\/wp-json\/wp\/v2\/product_cat?post=3776"},{"taxonomy":"product_tag","embeddable":true,"href":"https:\/\/insize.com.tr\/en\/wp-json\/wp\/v2\/product_tag?post=3776"}],"curies":[{"name":"wp","href":"https:\/\/api.w.org\/{rel}","templated":true}]}}