{"id":3779,"date":"2022-10-06T16:51:49","date_gmt":"2022-10-06T13:51:49","guid":{"rendered":"https:\/\/insize.com.tr\/?post_type=product&#038;p=3779"},"modified":"2026-03-04T14:41:01","modified_gmt":"2026-03-04T11:41:01","slug":"insize-4608-31-inc-filler-cakisi","status":"publish","type":"product","link":"https:\/\/insize.com.tr\/en\/product\/insize-4608-31-inc-filler-cakisi\/","title":{"rendered":"Insize 4608-31 \u0130n\u00e7 Filler \u00c7ak\u0131s\u0131"},"content":{"rendered":"","protected":false},"excerpt":{"rendered":"<ul>\n<li>0,010 \u201cpirin\u00e7ten yap\u0131lm\u0131\u015ft\u0131r, di\u011ferleri sertle\u015ftirilmi\u015f ala\u015f\u0131ml\u0131 \u00e7elikten yap\u0131lm\u0131\u015ft\u0131r<\/li>\n<li>Her b\u0131\u00e7ak in\u00e7 \/ metrik boyutta i\u015faretlenmi\u015ftir<\/li>\n<li><a href=\"https:\/\/insize.com.tr\/wp-content\/uploads\/2022\/08\/4608.pdf\">Pdf i\u00e7in t\u0131klay\u0131n\u0131z.<\/a><\/li>\n<\/ul>","protected":false},"featured_media":3809,"comment_status":"open","ping_status":"closed","template":"","meta":{"inline_featured_image":false},"product_brand":[],"product_cat":[37,553],"product_tag":[],"class_list":{"0":"post-3779","1":"product","2":"type-product","3":"status-publish","4":"has-post-thumbnail","6":"product_cat-cetveller","7":"product_cat-diger-olcu-aletleri","9":"first","10":"instock","11":"shipping-taxable","12":"purchasable","13":"product-type-simple"},"_links":{"self":[{"href":"https:\/\/insize.com.tr\/en\/wp-json\/wp\/v2\/product\/3779","targetHints":{"allow":["GET"]}}],"collection":[{"href":"https:\/\/insize.com.tr\/en\/wp-json\/wp\/v2\/product"}],"about":[{"href":"https:\/\/insize.com.tr\/en\/wp-json\/wp\/v2\/types\/product"}],"replies":[{"embeddable":true,"href":"https:\/\/insize.com.tr\/en\/wp-json\/wp\/v2\/comments?post=3779"}],"wp:featuredmedia":[{"embeddable":true,"href":"https:\/\/insize.com.tr\/en\/wp-json\/wp\/v2\/media\/3809"}],"wp:attachment":[{"href":"https:\/\/insize.com.tr\/en\/wp-json\/wp\/v2\/media?parent=3779"}],"wp:term":[{"taxonomy":"product_brand","embeddable":true,"href":"https:\/\/insize.com.tr\/en\/wp-json\/wp\/v2\/product_brand?post=3779"},{"taxonomy":"product_cat","embeddable":true,"href":"https:\/\/insize.com.tr\/en\/wp-json\/wp\/v2\/product_cat?post=3779"},{"taxonomy":"product_tag","embeddable":true,"href":"https:\/\/insize.com.tr\/en\/wp-json\/wp\/v2\/product_tag?post=3779"}],"curies":[{"name":"wp","href":"https:\/\/api.w.org\/{rel}","templated":true}]}}