{"id":3838,"date":"2022-10-06T16:51:55","date_gmt":"2022-10-06T13:51:55","guid":{"rendered":"https:\/\/insize.com.tr\/?post_type=product&#038;p=3838"},"modified":"2026-04-20T16:55:48","modified_gmt":"2026-04-20T13:55:48","slug":"insize-2276-300-kombinasyonlu-aci-olcer-ekonomik-tip","status":"publish","type":"product","link":"https:\/\/insize.com.tr\/en\/product\/insize-2276-300-kombinasyonlu-aci-olcer-ekonomik-tip\/","title":{"rendered":"Insize 2276-300 Kombinasyonlu A\u00e7\u0131 \u00d6l\u00e7er (Ekonomik Tip)"},"content":{"rendered":"","protected":false},"excerpt":{"rendered":"<div class=\"fusion-woo-short-description-tb fusion-woo-short-description-tb-1\">\n<div class=\"post-content woocommerce-product-details__short-description\">\n<ul>\n<li>A\u00e7\u0131 \u00f6l\u00e7er ba\u015fl\u0131\u011f\u0131 (\u00e7inkodan yap\u0131lm\u0131\u015ft\u0131r): b\u0131\u00e7a\u011f\u0131 i\u015f par\u00e7as\u0131 do\u011frulu\u011funun kenar\u0131na 90\u00b0 veya 45\u00b0 ayarlay\u0131n: \u00b10,5\u00b0<\/li>\n<li>B\u0131\u00e7ak (paslanmaz \u00e7elikten imal edilmi\u015ftir): aral\u0131k: 300mm\/12\u2033, hassasiyet: \u00f6n y\u00fczde 1mm ve 1\/32\u2033, arka y\u00fczde 1mm ve 1\/16\u2033<\/li>\n<li><a href=\"https:\/\/insize.com.tr\/wp-content\/uploads\/2022\/08\/2276.pdf\">Pdf i\u00e7in t\u0131klay\u0131n\u0131z.<\/a><\/li>\n<\/ul><\/div>\n<\/p><\/div>","protected":false},"featured_media":3868,"comment_status":"open","ping_status":"closed","template":"","meta":{"inline_featured_image":false},"product_brand":[],"product_cat":[19,37],"product_tag":[],"class_list":{"0":"post-3838","1":"product","2":"type-product","3":"status-publish","4":"has-post-thumbnail","6":"product_cat-aci-olcer-ve-gonyeler","7":"product_cat-cetveller","9":"first","10":"instock","11":"shipping-taxable","12":"purchasable","13":"product-type-simple"},"_links":{"self":[{"href":"https:\/\/insize.com.tr\/en\/wp-json\/wp\/v2\/product\/3838","targetHints":{"allow":["GET"]}}],"collection":[{"href":"https:\/\/insize.com.tr\/en\/wp-json\/wp\/v2\/product"}],"about":[{"href":"https:\/\/insize.com.tr\/en\/wp-json\/wp\/v2\/types\/product"}],"replies":[{"embeddable":true,"href":"https:\/\/insize.com.tr\/en\/wp-json\/wp\/v2\/comments?post=3838"}],"wp:featuredmedia":[{"embeddable":true,"href":"https:\/\/insize.com.tr\/en\/wp-json\/wp\/v2\/media\/3868"}],"wp:attachment":[{"href":"https:\/\/insize.com.tr\/en\/wp-json\/wp\/v2\/media?parent=3838"}],"wp:term":[{"taxonomy":"product_brand","embeddable":true,"href":"https:\/\/insize.com.tr\/en\/wp-json\/wp\/v2\/product_brand?post=3838"},{"taxonomy":"product_cat","embeddable":true,"href":"https:\/\/insize.com.tr\/en\/wp-json\/wp\/v2\/product_cat?post=3838"},{"taxonomy":"product_tag","embeddable":true,"href":"https:\/\/insize.com.tr\/en\/wp-json\/wp\/v2\/product_tag?post=3838"}],"curies":[{"name":"wp","href":"https:\/\/api.w.org\/{rel}","templated":true}]}}