{"id":3842,"date":"2022-10-06T16:51:55","date_gmt":"2022-10-06T13:51:55","guid":{"rendered":"https:\/\/insize.com.tr\/?post_type=product&#038;p=3842"},"modified":"2026-04-20T16:55:48","modified_gmt":"2026-04-20T13:55:48","slug":"insize-5032-3-parca-olcum-seti","status":"publish","type":"product","link":"https:\/\/insize.com.tr\/en\/product\/insize-5032-3-parca-olcum-seti\/","title":{"rendered":"Insize 5032 3 Par\u00e7a \u00d6l\u00e7\u00fcm Seti"},"content":{"rendered":"","protected":false},"excerpt":{"rendered":"<ul>\n<li>A\u015fa\u011f\u0131dakileri i\u00e7erir:\n<p> 1) Mekanik Kumpas, \u00f6l\u00e7\u00fcm aral\u0131\u011f\u0131 0-150mm hassasiyet 0,02mm (kod 1205-1501S)<\/p>\n<p> 2) D\u0131\u015f \u00c7ap Mikrometre, \u00f6l\u00e7\u00fcm aral\u0131\u011f\u0131 0-25mm, hassasiyet 0,01mm (kod 3203-25A)<\/p>\n<p> 3) K\u0131l mastar, 150mm\/6\u2033 hassasiyet 0,5mm 1mm, 1\/64\u2033, 1\/32\u2033, 1\/16\u2033 (kod 7110-150)<\/p>\n<p> 4) Toz tutmayan eldiven ve bez<\/li>\n<li><a href=\"https:\/\/insize.com.tr\/wp-content\/uploads\/2022\/08\/5032.pdf\">Pdf i\u00e7in t\u0131klay\u0131n\u0131z.<\/a><\/li>\n<\/ul>","protected":false},"featured_media":3872,"comment_status":"open","ping_status":"closed","template":"","meta":{"inline_featured_image":false},"product_brand":[],"product_cat":[552],"product_tag":[],"class_list":{"0":"post-3842","1":"product","2":"type-product","3":"status-publish","4":"has-post-thumbnail","6":"product_cat-olcum-setleri","8":"first","9":"instock","10":"shipping-taxable","11":"purchasable","12":"product-type-simple"},"_links":{"self":[{"href":"https:\/\/insize.com.tr\/en\/wp-json\/wp\/v2\/product\/3842","targetHints":{"allow":["GET"]}}],"collection":[{"href":"https:\/\/insize.com.tr\/en\/wp-json\/wp\/v2\/product"}],"about":[{"href":"https:\/\/insize.com.tr\/en\/wp-json\/wp\/v2\/types\/product"}],"replies":[{"embeddable":true,"href":"https:\/\/insize.com.tr\/en\/wp-json\/wp\/v2\/comments?post=3842"}],"wp:featuredmedia":[{"embeddable":true,"href":"https:\/\/insize.com.tr\/en\/wp-json\/wp\/v2\/media\/3872"}],"wp:attachment":[{"href":"https:\/\/insize.com.tr\/en\/wp-json\/wp\/v2\/media?parent=3842"}],"wp:term":[{"taxonomy":"product_brand","embeddable":true,"href":"https:\/\/insize.com.tr\/en\/wp-json\/wp\/v2\/product_brand?post=3842"},{"taxonomy":"product_cat","embeddable":true,"href":"https:\/\/insize.com.tr\/en\/wp-json\/wp\/v2\/product_cat?post=3842"},{"taxonomy":"product_tag","embeddable":true,"href":"https:\/\/insize.com.tr\/en\/wp-json\/wp\/v2\/product_tag?post=3842"}],"curies":[{"name":"wp","href":"https:\/\/api.w.org\/{rel}","templated":true}]}}