{"id":3843,"date":"2022-10-06T16:51:55","date_gmt":"2022-10-06T13:51:55","guid":{"rendered":"https:\/\/insize.com.tr\/?post_type=product&#038;p=3843"},"modified":"2026-04-20T16:55:48","modified_gmt":"2026-04-20T13:55:48","slug":"insize-5051-5-parca-olcum-seti","status":"publish","type":"product","link":"https:\/\/insize.com.tr\/en\/product\/insize-5051-5-parca-olcum-seti\/","title":{"rendered":"Insize 5051 5 Par\u00e7a \u00d6l\u00e7\u00fcm Seti"},"content":{"rendered":"","protected":false},"excerpt":{"rendered":"<ul>\n<li>\u0130\u00e7indekiler:\n<p> 1) Dijital kumpas; aral\u0131k 0-150mm\/0-6\u2033 \u00e7\u00f6z\u00fcn\u00fcrl\u00fck 0,01mm\/0,0005\u2033 (kod 1108-150)<\/p>\n<p> 2) D\u0131\u015f \u00e7ap mikrometre; aral\u0131k 0-25mm hassasiyet 0,01mm (kod 3202-25A)<\/p>\n<p> 3) Komparat\u00f6r saati; \u00f6l\u00e7\u00fcm aral\u0131\u011f\u0131 10mm hassasiyet 0,01mm (kod 2308-10A)<\/p>\n<p> 4) Manyetik stand (kod 6201-60)<\/p>\n<p> 5) Mikrometre stand (kod 6300)<\/li>\n<li><a href=\"https:\/\/insize.com.tr\/wp-content\/uploads\/2022\/08\/5051.pdf\">Pdf i\u00e7in t\u0131klay\u0131n\u0131z.<\/a><\/li>\n<\/ul>","protected":false},"featured_media":3873,"comment_status":"open","ping_status":"closed","template":"","meta":{"inline_featured_image":false},"product_brand":[],"product_cat":[37,552],"product_tag":[],"class_list":{"0":"post-3843","1":"product","2":"type-product","3":"status-publish","4":"has-post-thumbnail","6":"product_cat-cetveller","7":"product_cat-olcum-setleri","9":"first","10":"instock","11":"shipping-taxable","12":"purchasable","13":"product-type-simple"},"_links":{"self":[{"href":"https:\/\/insize.com.tr\/en\/wp-json\/wp\/v2\/product\/3843","targetHints":{"allow":["GET"]}}],"collection":[{"href":"https:\/\/insize.com.tr\/en\/wp-json\/wp\/v2\/product"}],"about":[{"href":"https:\/\/insize.com.tr\/en\/wp-json\/wp\/v2\/types\/product"}],"replies":[{"embeddable":true,"href":"https:\/\/insize.com.tr\/en\/wp-json\/wp\/v2\/comments?post=3843"}],"wp:featuredmedia":[{"embeddable":true,"href":"https:\/\/insize.com.tr\/en\/wp-json\/wp\/v2\/media\/3873"}],"wp:attachment":[{"href":"https:\/\/insize.com.tr\/en\/wp-json\/wp\/v2\/media?parent=3843"}],"wp:term":[{"taxonomy":"product_brand","embeddable":true,"href":"https:\/\/insize.com.tr\/en\/wp-json\/wp\/v2\/product_brand?post=3843"},{"taxonomy":"product_cat","embeddable":true,"href":"https:\/\/insize.com.tr\/en\/wp-json\/wp\/v2\/product_cat?post=3843"},{"taxonomy":"product_tag","embeddable":true,"href":"https:\/\/insize.com.tr\/en\/wp-json\/wp\/v2\/product_tag?post=3843"}],"curies":[{"name":"wp","href":"https:\/\/api.w.org\/{rel}","templated":true}]}}