{"id":3845,"date":"2022-10-06T16:51:55","date_gmt":"2022-10-06T13:51:55","guid":{"rendered":"https:\/\/insize.com.tr\/?post_type=product&#038;p=3845"},"modified":"2026-04-20T16:55:48","modified_gmt":"2026-04-20T13:55:48","slug":"insize-5091-9-parca-olcum-seti","status":"publish","type":"product","link":"https:\/\/insize.com.tr\/en\/product\/insize-5091-9-parca-olcum-seti\/","title":{"rendered":"Insize 5091 9 Par\u00e7a \u00d6l\u00e7\u00fcm Seti"},"content":{"rendered":"","protected":false},"excerpt":{"rendered":"<ul>\n<li>\u0130\u00e7indekiler:\n<p> 1) Dijital kumpas; aral\u0131k 0-150mm\/0-6\u2033 \u00e7\u00f6z\u00fcn\u00fcrl\u00fck 0,01mm\/0,0005\u2033 (kod 1108-150)<\/p>\n<p> 2) D\u0131\u015f \u00c7ap Mikrometre; aral\u0131k 0-25mm hassasiyet 0,01mm (kod 3202-25A)<\/p>\n<p> 3) A\u00e7\u0131 \u00f6l\u00e7er; aral\u0131k 0-180\u00b0; hassasiyet 1\u00b0 (kod 4799-180)<\/p>\n<p> 4) Di\u015f mastar\u0131; aral\u0131k 0,25-7mm; 24 par\u00e7a; metrik 60\u00b0 di\u015f (kod 4820-124)<\/p>\n<p> 5) Rad\u00fcs mastar\u0131; aral\u0131k 1-7mm (kod 4801-17)<\/p>\n<p> 6) Filler \u00e7ak\u0131s\u0131; aral\u0131k 0,05-1,00mm; 20 par\u00e7a (kod 4602-20)<\/p>\n<p> 7) 90\u00b0 k\u0131l g\u00f6nye; 100x70mm; 0 kalite (kod 4790-1000)<\/p>\n<p> 8) \u00c7izecek (kod 7230)<\/p>\n<p> 9) \u00c7elik cetvel; 150mm\/6\u2033 (kod 7110-150)<\/li>\n<li><a href=\"https:\/\/insize.com.tr\/wp-content\/uploads\/2022\/08\/5091.pdf\">Pdf i\u00e7in t\u0131klay\u0131n\u0131z.<\/a><\/li>\n<\/ul>","protected":false},"featured_media":3875,"comment_status":"open","ping_status":"closed","template":"","meta":{"inline_featured_image":false},"product_brand":[],"product_cat":[37,552],"product_tag":[],"class_list":{"0":"post-3845","1":"product","2":"type-product","3":"status-publish","4":"has-post-thumbnail","6":"product_cat-cetveller","7":"product_cat-olcum-setleri","9":"first","10":"instock","11":"shipping-taxable","12":"purchasable","13":"product-type-simple"},"_links":{"self":[{"href":"https:\/\/insize.com.tr\/en\/wp-json\/wp\/v2\/product\/3845","targetHints":{"allow":["GET"]}}],"collection":[{"href":"https:\/\/insize.com.tr\/en\/wp-json\/wp\/v2\/product"}],"about":[{"href":"https:\/\/insize.com.tr\/en\/wp-json\/wp\/v2\/types\/product"}],"replies":[{"embeddable":true,"href":"https:\/\/insize.com.tr\/en\/wp-json\/wp\/v2\/comments?post=3845"}],"wp:featuredmedia":[{"embeddable":true,"href":"https:\/\/insize.com.tr\/en\/wp-json\/wp\/v2\/media\/3875"}],"wp:attachment":[{"href":"https:\/\/insize.com.tr\/en\/wp-json\/wp\/v2\/media?parent=3845"}],"wp:term":[{"taxonomy":"product_brand","embeddable":true,"href":"https:\/\/insize.com.tr\/en\/wp-json\/wp\/v2\/product_brand?post=3845"},{"taxonomy":"product_cat","embeddable":true,"href":"https:\/\/insize.com.tr\/en\/wp-json\/wp\/v2\/product_cat?post=3845"},{"taxonomy":"product_tag","embeddable":true,"href":"https:\/\/insize.com.tr\/en\/wp-json\/wp\/v2\/product_tag?post=3845"}],"curies":[{"name":"wp","href":"https:\/\/api.w.org\/{rel}","templated":true}]}}